{"id":8674,"date":"2021-05-14T08:51:33","date_gmt":"2021-05-14T08:51:33","guid":{"rendered":"https:\/\/www.reme-gmbh.de\/iletisim\/"},"modified":"2025-11-24T10:35:03","modified_gmt":"2025-11-24T10:35:03","slug":"iletisim","status":"publish","type":"page","link":"https:\/\/www.reme-gmbh.de\/tr\/iletisim\/","title":{"rendered":"\u0130leti\u015fim"},"content":{"rendered":"<div class=\"wpb-content-wrapper\"><p>[vc_row disable_element=&#8221;yes&#8221; css=&#8221;.vc_custom_1660208255314{margin-top: -100px !important;}&#8221;][vc_column][vc_single_image image=&#8221;1515&#8243; img_size=&#8221;full&#8221; alignment=&#8221;center&#8221;][\/vc_column][\/vc_row][vc_row][vc_column][vc_column_text]<\/p>\n<h3 style=\"text-align: center;\">\u00dcr\u00fcnlerimizle ilgili sorular\u0131n\u0131z m\u0131 var veya ba\u011flay\u0131c\u0131 olmayan bir teklif mi istiyorsunuz? O halde hemen bizimle ileti\u015fime ge\u00e7in.<br \/>\nSize memnuniyetle yard\u0131mc\u0131 oluruz! <\/h3>\n<p>[\/vc_column_text][\/vc_column][\/vc_row][vc_row css_animation=&#8221;bounceInDown&#8221;][vc_column width=&#8221;1\/4&#8243;][\/vc_column][vc_column width=&#8221;1\/2&#8243;][vc_column_text css=&#8221;.vc_custom_1662627026436{padding-top: 30px !important;padding-right: 30px !important;padding-bottom: 30px !important;padding-left: 30px !important;background-color: #ffe500 !important;}&#8221;]<\/p>\n<p style=\"text-align: center;\">REME M\u00f6belbeschl\u00e4ge GmbH<br \/>\nIndustriestra\u00dfe 48<br \/>\nD-33161 H\u00f6velhof<\/p>\n<p style=\"text-align: center;\">E-Mail: <a href=\"mailto:info@reme-gmbh.de\">info@reme-gmbh.de<\/a><br \/>\nPhone: <a href=\"tel:+4952579492920\">05257.9492920<\/a><\/p>\n<p>&nbsp;<\/p>\n<p style=\"text-align: center;\"><a href=\"https:\/\/reme-gmbh.de\/pdf\/REME-Lageplan.pdf\" target=\"_blank\" rel=\"noopener\"><strong>\u00ab PDF format\u0131nda konum haritas\u0131 \u00bb<\/strong><\/a><\/p>\n<p>[\/vc_column_text][vc_row_inner disable_element=&#8221;yes&#8221;][vc_column_inner width=&#8221;1\/2&#8243;][vc_icon icon_fontawesome=&#8221;fab fa-facebook-square&#8221; color=&#8221;custom&#8221; size=&#8221;xl&#8221; align=&#8221;center&#8221; custom_color=&#8221;#545454&#8243; link=&#8221;url:https%3A%2F%2Fde-de.facebook.com%2Freme.job|target:_blank|&#8221;][\/vc_column_inner][vc_column_inner width=&#8221;1\/2&#8243;][vc_icon icon_fontawesome=&#8221;fab fa-instagram&#8221; color=&#8221;custom&#8221; size=&#8221;xl&#8221; align=&#8221;center&#8221; custom_color=&#8221;#545454&#8243; link=&#8221;url:https%3A%2F%2Fwww.instagram.com%2Freme_gmbh%2F|target:_blank|&#8221;][\/vc_column_inner][\/vc_row_inner][\/vc_column][vc_column width=&#8221;1\/4&#8243;][\/vc_column][\/vc_row][vc_row full_width=&#8221;stretch_row&#8221; css=&#8221;.vc_custom_1699362191645{margin-bottom: -120px !important;background-color: #ffe500 !important;}&#8221;][vc_column][vc_icon icon_fontawesome=&#8221;fas fa-globe&#8221; color=&#8221;custom&#8221; size=&#8221;lg&#8221; align=&#8221;center&#8221; custom_color=&#8221;#575757&#8243;][vc_column_text]<\/p>\n<h3 style=\"text-align: center;\"><b>Uluslararas\u0131 \u0130rtibat Ki\u015fisi<\/b><\/h3>\n<p style=\"text-align: center;\">\u015eirketimiz veya \u00fcr\u00fcnlerimizle ilgili sorular\u0131n\u0131z varsa, size en yak\u0131n \u015fubemizdeki uluslararas\u0131 irtibat ki\u015fimizle ileti\u015fime ge\u00e7in.<\/p>\n<p>[\/vc_column_text][vc_tta_accordion section_title_tag=&#8221;h3&#8243; color=&#8221;grey&#8221; active_section=&#8221;200&#8243; collapsible_all=&#8221;true&#8221;][vc_tta_section title=&#8221;M\u0131s\u0131r&#8221; tab_id=&#8221;1763976771637-976f80e6-a775&#8243;][vc_column_text css=&#8221;&#8221;]<strong>TUREG FOR IMPORT AND EXPORT L.L.C<\/strong><\/p>\n<p>Mr. Hossam Aboushousha<\/p>\n<p>Mobile: <a href=\"http:\/\/00201000744438\">00201000744438<\/a><br \/>\nE-Mail: <a href=\"mailto:Hossam@tureg.co\">Hossam@tureg.co<\/a>[\/vc_column_text][\/vc_tta_section][vc_tta_section title=&#8221;Finlandiya&#8221; tab_id=&#8221;1699871704153-3bf0a596-d071&#8243;][vc_column_text]<strong>Eurohela Oy<\/strong><br \/>\nJorma Salminen<\/p>\n<p>Phone: <a href=\"tel:+358400410229\">+358 400 410229<\/a><br \/>\nE-Mail: <a href=\"mailto:jorma.salminen@eurohela.fi\">jorma.salminen@eurohela.fi<\/a>[\/vc_column_text][\/vc_tta_section][vc_tta_section title=&#8221;Fransa&#8221; tab_id=&#8221;1698743060928-19086db7-2659&#8243;][vc_column_text]<strong>SYNAPSE BRAINWARE SRL<\/strong><br \/>\nRoger Reichert<br \/>\nManaging Director<\/p>\n<p>Phone: <a href=\"tel:+393355999043\">+39 3355999043<\/a><br \/>\nE-Mail: <a href=\"mailto:roger.reichert@synapse-brainware.com\">roger.reichert@synapse-brainware.com<\/a>[\/vc_column_text][\/vc_tta_section][vc_tta_section title=&#8221;\u0130talya&#8221; tab_id=&#8221;1737038844471-e56faf74-4d0d&#8221;][vc_single_image image=&#8221;2251&#8243; img_size=&#8221;full&#8221;][vc_column_text]<strong>OMGE S.p.a.<\/strong><br \/>\nAngelo Garbellini<\/p>\n<p>E-Mail: <a href=\"mailto:agarbellini@omgespa.it\">agarbellini@omgespa.it<\/a><br \/>\nPhone: <a href=\"tel:+393401169734\">+39 340 1169734<\/a><br \/>\n[\/vc_column_text][\/vc_tta_section][vc_tta_section title=&#8221;Schweden&#8221; tab_id=&#8221;1699871703386-b6fd861c-c651&#8243;][vc_column_text]<strong>Rolf Thuresson Trading AB<\/strong><br \/>\nRolf Thuresson<\/p>\n<p>Phone: <a href=\"tel:+4642367520\">+46 42 367520<\/a><br \/>\nE-Mail: <a href=\"mailto:rolf@thuressontrading.com\">rolf@thuressontrading.com<\/a>[\/vc_column_text][\/vc_tta_section][vc_tta_section title=&#8221;T\u00fcrkiye&#8221; tab_id=&#8221;1699871701656-1bccf989-8175&#8243;][vc_column_text]<strong>Mehmet Salim<\/strong><br \/>\nCountry Sales Manager<\/p>\n<p>Phone: <a href=\"tel:+905334268788\">+90 533 4268788<\/a><br \/>\nE-Mail: <a href=\"mailto:m.salim@reme-gmbh.de\">m.salim@reme-gmbh.de<\/a>[\/vc_column_text][\/vc_tta_section][\/vc_tta_accordion][\/vc_column][\/vc_row]<\/p>\n<\/div>","protected":false},"excerpt":{"rendered":"<p>[vc_row disable_element=&#8221;yes&#8221; css=&#8221;.vc_custom_1660208255314{margin-top: -100px !important;}&#8221;][vc_column][vc_single_image image=&#8221;1515&#8243; img_size=&#8221;full&#8221; alignment=&#8221;center&#8221;][\/vc_column][\/vc_row][vc_row][vc_column][vc_column_text] \u00dcr\u00fcnlerimizle ilgili sorular\u0131n\u0131z m\u0131 var veya ba\u011flay\u0131c\u0131 olmayan bir teklif mi istiyorsunuz?&#8230;<\/p>\n","protected":false},"author":1,"featured_media":0,"parent":0,"menu_order":0,"comment_status":"closed","ping_status":"closed","template":"","meta":{"_acf_changed":false,"footnotes":""},"class_list":["post-8674","page","type-page","status-publish"],"acf":[],"_links":{"self":[{"href":"https:\/\/www.reme-gmbh.de\/tr\/wp-json\/wp\/v2\/pages\/8674","targetHints":{"allow":["GET"]}}],"collection":[{"href":"https:\/\/www.reme-gmbh.de\/tr\/wp-json\/wp\/v2\/pages"}],"about":[{"href":"https:\/\/www.reme-gmbh.de\/tr\/wp-json\/wp\/v2\/types\/page"}],"author":[{"embeddable":true,"href":"https:\/\/www.reme-gmbh.de\/tr\/wp-json\/wp\/v2\/users\/1"}],"replies":[{"embeddable":true,"href":"https:\/\/www.reme-gmbh.de\/tr\/wp-json\/wp\/v2\/comments?post=8674"}],"version-history":[{"count":14,"href":"https:\/\/www.reme-gmbh.de\/tr\/wp-json\/wp\/v2\/pages\/8674\/revisions"}],"predecessor-version":[{"id":8833,"href":"https:\/\/www.reme-gmbh.de\/tr\/wp-json\/wp\/v2\/pages\/8674\/revisions\/8833"}],"wp:attachment":[{"href":"https:\/\/www.reme-gmbh.de\/tr\/wp-json\/wp\/v2\/media?parent=8674"}],"curies":[{"name":"wp","href":"https:\/\/api.w.org\/{rel}","templated":true}]}}