{"id":8671,"date":"2021-05-14T08:50:55","date_gmt":"2021-05-14T08:50:55","guid":{"rendered":"https:\/\/www.reme-gmbh.de\/sirket\/"},"modified":"2026-03-02T05:42:57","modified_gmt":"2026-03-02T05:42:57","slug":"sirket","status":"publish","type":"page","link":"https:\/\/www.reme-gmbh.de\/tr\/sirket\/","title":{"rendered":"\u015eirket"},"content":{"rendered":"<div class=\"wpb-content-wrapper\"><p>[vc_row][vc_column][vc_column_text css=&#8221;.vc_custom_1662034718415{margin-bottom: 100px !important;}&#8221;]<\/p>\n<h2>TAR\u0130H<\/h2>\n<p>Ba\u015flang\u0131\u00e7ta iki gen\u00e7 giri\u015fimci, bir ka\u00e7 makine ve bir vizyon vard\u0131. 1988 y\u0131l\u0131nda Bruno Meier, Heinz Rennerich ile birlikte bug\u00fcnk\u00fc REME M\u00f6belbeschl\u00e4ge \u015firketini kurdu ve b\u00f6ylece H\u00f6velhof\u2019taki \u015firketin kurulu\u015fu i\u00e7in \u00f6nemli bir temel att\u0131. Bizimle birlikte zaman yolculu\u011funa \u00e7\u0131k\u0131n.[\/vc_column_text][\/vc_column][\/vc_row][vc_row][vc_column width=&#8221;1\/2&#8243;][vc_column_text css=&#8221;.vc_custom_1654763399803{margin-bottom: 100px !important;}&#8221;]<\/p>\n<h2>1988<\/h2>\n<p>1 A\u011fustos 1988\u2019de Bruno Meier ve Heinz Rennerich, H\u00f6velhof\u2019ta bir garajda ReMe (Rennerich ve Meier) \u015firketini kurdu. Bruno Meier, kendi i\u015fini kurmadan \u00f6nce 33 y\u0131l boyunca Formaplan\/Geha-M\u00f6belwerke \u015firketinde \u00e7al\u0131\u015fm\u0131\u015f ve \u00e7ekmecelerin sat\u0131\u015f ve geli\u015ftirilmesinden sorumluydu.[\/vc_column_text][\/vc_column][vc_column width=&#8221;1\/2&#8243;][vc_single_image image=&#8221;1531&#8243; img_size=&#8221;full&#8221;][\/vc_column][\/vc_row][vc_row][vc_column width=&#8221;1\/2&#8243;][vc_column_text css=&#8221;.vc_custom_1654763196714{margin-bottom: 100px !important;}&#8221;]<\/p>\n<h2>1993<\/h2>\n<p>1993 y\u0131l\u0131nda Heinz Rennerich \u015firketten dostane bir \u015fekilde ayr\u0131ld\u0131 ve yan kurulu\u015f olan Heinz Rennerich Einzelunternehmung\u2019u kurdu.[\/vc_column_text][\/vc_column][vc_column width=&#8221;1\/2&#8243;][vc_column_text css=&#8221;.vc_custom_1654763209234{margin-bottom: 100px !important;}&#8221;]<\/p>\n<h2>1998<\/h2>\n<p>Fabrika 1\u2019deki \u00fcr\u00fcn portf\u00f6y\u00fcne y\u00fcksek kaliteli PERSPEKTIVE 2000 gizli \u00e7ekmece ray\u0131 eklendi.[\/vc_column_text][\/vc_column][\/vc_row][vc_row][vc_column width=&#8221;1\/2&#8243;][vc_single_image image=&#8221;1536&#8243; img_size=&#8221;full&#8221;][\/vc_column][vc_column width=&#8221;1\/2&#8243;][vc_column_text css=&#8221;.vc_custom_1654763297971{margin-bottom: 100px !important;}&#8221;]<\/p>\n<h2>1999<\/h2>\n<p>Heinz Rennerich\u2019in \u015firketi Rennerich GmbH, Bruno Meier\u2019in o\u011flu J\u00fcrgen Meier taraf\u0131ndan devral\u0131n\u0131r.<\/p>\n<h2>2000<\/h2>\n<p>REME \u00fcretimini daha da geni\u015fletiyor ve yeni \u00fcretim tesisi Fabrika 2\u2019de bilyal\u0131 raylar\u0131n \u00fcretimine ba\u015fl\u0131yor. Bunun i\u00e7in 17 mm\u2019lik raylar i\u00e7in ilk tam otomatik tesis tasarlan\u0131yor ve in\u015fa ediliyor.<\/p>\n<p>[\/vc_column_text][\/vc_column][\/vc_row][vc_row][vc_column width=&#8221;1\/2&#8243;][vc_column_text css=&#8221;.vc_custom_1660203963123{margin-bottom: 100px !important;}&#8221;]<\/p>\n<h2>2001<\/h2>\n<p>2001 y\u0131l\u0131nda REME, o d\u00f6nemde y\u00fczde olarak en fazla engelli \u00e7al\u0131\u015fan\u0131 istihdam eden \u015firket olmas\u0131 nedeniyle Alman \u0130\u015fyeri Yat\u0131r\u0131mc\u0131 \u00d6d\u00fcl\u00fc\u2019ne lay\u0131k g\u00f6r\u00fcld\u00fc. De\u011ferlendirmeye 100\u2019den fazla \u00e7al\u0131\u015fan\u0131 olan \u015firketler kat\u0131ld\u0131.<\/p>\n<h2>2003<\/h2>\n<p>FORTUNA gizli \u00e7ekmece raylar\u0131n\u0131n \u00fcretimi i\u00e7in ilk tam otomatik \u00fcretim tesisi tasarlanm\u0131\u015f ve 3. fabrikada faaliyete ge\u00e7mi\u015ftir. O d\u00f6nemde, daha y\u00fcksek kaliteli gizli \u00e7ekmece raylar\u0131n\u0131n \u00fcretimine ge\u00e7i\u015f, \u015firket i\u00e7in stratejik olarak hayati bir karard\u0131, \u00e7\u00fcnk\u00fc Avrupa pazar\u0131 \u00c7in\u2019den gelen ucuz \u00e7ekmece raylar\u0131yla dolmu\u015ftu ve bu da \u00f6nemli bir ciro kayb\u0131na neden olmu\u015ftu.[\/vc_column_text][\/vc_column][vc_column width=&#8221;1\/2&#8243;][vc_single_image image=&#8221;1523&#8243; img_size=&#8221;full&#8221;][\/vc_column][\/vc_row][vc_row][vc_column width=&#8221;1\/2&#8243;][vc_column_text css=&#8221;.vc_custom_1662034783561{margin-bottom: 100px !important;}&#8221;]<\/p>\n<h2>2006<\/h2>\n<p>Bu y\u0131l, mobilya sekt\u00f6r\u00fcn\u00fcn b\u00fcy\u00fck oyuncular\u0131ndan biri ortaya \u00e7\u0131kt\u0131 ve Bruno Meier en b\u00fcy\u00fck krizde her \u015feyi tek bir karta koydu: Birka\u00e7 ay i\u00e7inde, \u00f6zel geni\u015flikte gizli \u00e7ekmece raylar\u0131n\u0131n \u00fcretimi i\u00e7in tam otomatik bir \u00fcretim tesisinin in\u015fas\u0131, kendi makine ve tesis m\u00fchendisli\u011fi departman\u0131 taraf\u0131ndan ger\u00e7ekle\u015ftirildi.[\/vc_column_text][\/vc_column][vc_column width=&#8221;1\/2&#8243;][vc_column_text css=&#8221;.vc_custom_1654763965764{margin-bottom: 100px !important;}&#8221;]<\/p>\n<h2>2007<\/h2>\n<p>\u00d6zel geni\u015flikte gizli \u00e7ekmece raylar\u0131 \u00fcretimi i\u00e7in tam otomatik bir \u00fcretim tesisinin tasar\u0131m\u0131 ve devreye al\u0131nmas\u0131. Bu tesis, daha verimli \u00fcretim tesislerinin tasar\u0131m\u0131nda da \u00f6nc\u00fc rol oynam\u0131\u015ft\u0131r.[\/vc_column_text][\/vc_column][\/vc_row][vc_row][vc_column width=&#8221;1\/2&#8243;][vc_column_text css=&#8221;.vc_custom_1654764031739{margin-bottom: 100px !important;}&#8221;]<\/p>\n<h2>2011<\/h2>\n<p>4 numaral\u0131 \u00fcretim tesisinin a\u00e7\u0131lmas\u0131yla REME, ana m\u00fc\u015fterisiyle olan i\u015fbirli\u011fini daha da geni\u015fleterek, mobilya devi i\u00e7in \u00f6zel olarak tasarlanm\u0131\u015f gizli \u00e7ekmece raylar\u0131 \u00fcretmeye ba\u015flad\u0131. REME\u2019nin tam otomatik \u00fcretim hatlar\u0131 tasar\u0131m\u0131ndaki performans\u0131, daha fazla gizli \u00e7ekmece ray\u0131 geli\u015ftirilmesinin temelini olu\u015fturdu.[\/vc_column_text][\/vc_column][vc_column width=&#8221;1\/2&#8243;][vc_single_image image=&#8221;1526&#8243; img_size=&#8221;full&#8221;][\/vc_column][\/vc_row][vc_row][vc_column width=&#8221;1\/2&#8243;][vc_column_text css=&#8221;.vc_custom_1654764167852{margin-bottom: 100px !important;}&#8221;]<\/p>\n<h2>2013<\/h2>\n<p>Y\u00fck testleri, e\u011fitimler ve inovasyon i\u00e7in kullan\u0131lan test laboratuvar\u0131m\u0131z 2013 y\u0131l\u0131nda tamamen yenilenmi\u015ftir. Raylar burada \u00e7e\u015fitli testlerden ge\u00e7irilerek, son m\u00fc\u015fterilere \u00e7ekmece raylar\u0131n\u0131n g\u00fcvenli ve uzun \u00f6m\u00fcrl\u00fc oldu\u011fu konusunda g\u00fcvence verilmektedir.[\/vc_column_text][\/vc_column][vc_column width=&#8221;1\/2&#8243;][vc_column_text css=&#8221;.vc_custom_1654764191387{margin-bottom: 100px !important;}&#8221;]<\/p>\n<h2>2018<\/h2>\n<p>30. y\u0131l d\u00f6n\u00fcm\u00fcne uygun olarak, fabrika 4b\u2019nin hangar geni\u015fletmesinde, gizli \u00e7ekmece raylar\u0131n\u0131n \u00fcretimi i\u00e7in yeni \u00fcretim hatlar\u0131 devreye al\u0131nd\u0131. Burada odak noktas\u0131, yeni premium tam a\u00e7\u0131l\u0131m \u00e7ekmece ray\u0131 EXTREME ve \u00f6zel geni\u015flikteki yeni FORTUNA\u2019n\u0131n \u00fcretimi olacak.[\/vc_column_text][\/vc_column][\/vc_row][vc_row][vc_column width=&#8221;1\/2&#8243;][vc_single_image image=&#8221;1349&#8243; img_size=&#8221;full&#8221;][\/vc_column][vc_column width=&#8221;1\/2&#8243;][vc_column_text css=&#8221;.vc_custom_1654764264928{margin-bottom: 100px !important;}&#8221;]<\/p>\n<h2>2019<\/h2>\n<p>REME \u015firketinin genel m\u00fcd\u00fcr\u00fc Bruno Meier, sosyal sorumlulu\u011fu ve \u015firketi uzun vadede g\u00fcvence alt\u0131na alma ihtiyac\u0131n\u0131 hissediyor. O\u011flu J\u00fcrgen, ayn\u0131 zamanda REME\u2019nin y\u00f6netim kadrosunda yer al\u0131yor ve REME\u2019nin gelece\u011fi i\u00e7in rotay\u0131 belirliyor. Buna uygun olarak, \u015firketin gelecekteki y\u00f6netimi de d\u0131\u015far\u0131ya devredilmeyecek: Max Meier (J\u00fcrgen Meier\u2019in o\u011flu) \u015firkette \u00e7ift y\u00f6nl\u00fc bir e\u011fitim program\u0131na ba\u015fl\u0131yor ve i\u015fletmeyi \u00fc\u00e7\u00fcnc\u00fc nesilde de aile m\u00fclkiyetinde tutmak istiyor.[\/vc_column_text][\/vc_column][\/vc_row][vc_row][vc_column width=&#8221;1\/2&#8243;][vc_column_text css=&#8221;.vc_custom_1654764423744{margin-bottom: 100px !important;}&#8221;]<\/p>\n<h2>2021<\/h2>\n<p>Y\u0131ld\u0131z \u015feklindeki sa\u011flam geometriye dayal\u0131 PERFECT k\u0131smi a\u00e7\u0131l\u0131m gizli \u00e7ekmece raylar\u0131n\u0131n \u00fcretimi i\u00e7in tam otomatik bir \u00fcretim tesisinin in\u015fas\u0131.<br \/>\nDevreye alma ve seri \u00fcretim 2022 y\u0131l\u0131nda planlanmaktad\u0131r.[\/vc_column_text][\/vc_column][vc_column width=&#8221;1\/2&#8243;][vc_column_text css=&#8221;&#8221;]<\/p>\n<h2>2024<\/h2>\n<p>REME, yeni sat\u0131n al\u0131nan makinelerle hizmet alan\u0131n\u0131 geni\u015fletti. M\u00fc\u015fterilerimiz i\u00e7in ger\u00e7ekle\u015ftirilebilecek \u00e7ok \u00e7e\u015fitli bireysel paketleme se\u00e7enekleri bulunmaktad\u0131r. M\u00fc\u015fterilerimiz, end\u00fcstriyel paketleme (sol ve sa\u011f ray ayr\u0131koli), bant seti paketleme (raylar bantla bir arada tutulur) veya karton set paketleme (raylar, vida torbas\u0131 ve montaj talimatlar\u0131 ile birlikte bir karton i\u00e7inde) se\u00e7enekleri aras\u0131ndan se\u00e7im yapabilirler.[\/vc_column_text][\/vc_column][\/vc_row][vc_row][vc_column width=&#8221;1\/2&#8243;][vc_column_text css=&#8221;&#8221;]<\/p>\n<h2>Bug\u00fcn<\/h2>\n<p>35 y\u0131l\u0131 a\u015fk\u0131n bir ge\u00e7mi\u015fe sahip olan aile \u015firketi REME, d\u00fcnya \u00e7ap\u0131nda lider gizli \u00e7ekmece raylar\u0131 \u00fcreticilerinden biridir. REME, H\u00f6velhof\u2019un Kuzey Sanayi ve Ticaret B\u00f6lgesi\u2019ndeki d\u00f6rt fabrikas\u0131nda 200\u2019den fazla \u00e7al\u0131\u015fan\u0131 istihdam etmektedir. On y\u0131llara dayanan deneyimi sayesinde, gizli \u00e7ekmece raylar\u0131 seri \u00fcretimi i\u00e7in tam otomatik \u00fcretim tesislerini kendi ba\u015f\u0131na geli\u015ftirip tasarlayan \u015firket, gelece\u011fe de g\u00fcvenle bakmaktad\u0131r.[\/vc_column_text][\/vc_column][vc_column width=&#8221;1\/2&#8243;][\/vc_column][\/vc_row]<\/p>\n<\/div>","protected":false},"excerpt":{"rendered":"<p>[vc_row][vc_column][vc_column_text css=&#8221;.vc_custom_1662034718415{margin-bottom: 100px !important;}&#8221;] TAR\u0130H Ba\u015flang\u0131\u00e7ta iki gen\u00e7 giri\u015fimci, bir ka\u00e7 makine ve bir vizyon vard\u0131. 1988 y\u0131l\u0131nda Bruno Meier,&#8230;<\/p>\n","protected":false},"author":1,"featured_media":0,"parent":0,"menu_order":0,"comment_status":"closed","ping_status":"closed","template":"","meta":{"_acf_changed":false,"footnotes":""},"class_list":["post-8671","page","type-page","status-publish"],"acf":[],"_links":{"self":[{"href":"https:\/\/www.reme-gmbh.de\/tr\/wp-json\/wp\/v2\/pages\/8671","targetHints":{"allow":["GET"]}}],"collection":[{"href":"https:\/\/www.reme-gmbh.de\/tr\/wp-json\/wp\/v2\/pages"}],"about":[{"href":"https:\/\/www.reme-gmbh.de\/tr\/wp-json\/wp\/v2\/types\/page"}],"author":[{"embeddable":true,"href":"https:\/\/www.reme-gmbh.de\/tr\/wp-json\/wp\/v2\/users\/1"}],"replies":[{"embeddable":true,"href":"https:\/\/www.reme-gmbh.de\/tr\/wp-json\/wp\/v2\/comments?post=8671"}],"version-history":[{"count":11,"href":"https:\/\/www.reme-gmbh.de\/tr\/wp-json\/wp\/v2\/pages\/8671\/revisions"}],"predecessor-version":[{"id":8753,"href":"https:\/\/www.reme-gmbh.de\/tr\/wp-json\/wp\/v2\/pages\/8671\/revisions\/8753"}],"wp:attachment":[{"href":"https:\/\/www.reme-gmbh.de\/tr\/wp-json\/wp\/v2\/media?parent=8671"}],"curies":[{"name":"wp","href":"https:\/\/api.w.org\/{rel}","templated":true}]}}