{"id":8661,"date":"2021-05-14T09:36:08","date_gmt":"2021-05-14T09:36:08","guid":{"rendered":"https:\/\/www.reme-gmbh.de\/sorumluluk\/"},"modified":"2026-03-02T05:43:34","modified_gmt":"2026-03-02T05:43:34","slug":"sorumluluk","status":"publish","type":"page","link":"https:\/\/www.reme-gmbh.de\/tr\/sorumluluk\/","title":{"rendered":"Sorumluluk"},"content":{"rendered":"<div class=\"wpb-content-wrapper\"><p>[vc_row css=&#8221;.vc_custom_1646318960030{margin-top: -50px !important;margin-bottom: 60px !important;}&#8221;][vc_column][vc_column_text css_animation=&#8221;none&#8221;]<\/p>\n<h4>\u00dc\u00e7\u00fcnc\u00fc nesil bir aile \u015firketi olarak, sorumlu davran\u0131\u015flar \u015firket k\u00fclt\u00fcr\u00fcm\u00fcz\u00fcn ayr\u0131lmaz bir par\u00e7as\u0131d\u0131r. \u00c7al\u0131\u015fanlar\u0131m\u0131za, \u00fcr\u00fcnlerimizin kalitesine ve i\u015f faaliyetlerimizin toplum ve \u00e7evre \u00fczerindeki etkilerine kar\u015f\u0131 sorumluluk \u00fcstleniyoruz \u2013 hedefimiz daha iyi bir gelecek yaratmak.<\/h4>\n<p>[\/vc_column_text][\/vc_column][\/vc_row][vc_row][vc_column]<div class=\"gem-icon-with-text gem-icon-with-text-icon-size-xlarge gem-interactions-enabled\"  data-horizontal_scroll_enable=\"yes\" data-horizontal_scroll_speed=\"6\" data-rellax-min-x=\"0\" data-disable_effects_mobile=\"disable\" ><div style=\"margin-bottom:0px;margin-top:0px; \" class=\"gem-icon-with-text-icon\"><div class=\"gem-icon gem-icon-pack-material gem-icon-size-xlarge  gem-icon-shape-square \"  style=\"border-color: #ffe500;opacity: 1;\"><div class=\"gem-icon-inner\" style=\"background-color: #ffe500;\"><span class=\"gem-icon-half-1\" style=\"color: #575757;\"><span class=\"back-angle\">&#xf3d6;<\/span><\/span><span class=\"gem-icon-half-2\" style=\"color: #575757;\"><span class=\"back-angle\">&#xf3d6;<\/span><\/span><\/div><\/div><\/div><div class=\"gem-icon-with-text-content\" ><div class=\"gem-icon-with-text-text\">[vc_column_text css=&#8221;.vc_custom_1642754491887{padding-left: 50px !important;}&#8221;]<\/p>\n<h2>i\u015f g\u00fcvenli\u011fi<\/h2>\n<p>\u0130\u015f g\u00fcvenli\u011fi ve sa\u011fl\u0131\u011f\u0131n korunmas\u0131, REME i\u00e7in \u00f6ncelikli kurumsal hedefler aras\u0131nda yer almaktad\u0131r ve bu nedenle y\u00f6netim, amirler ve \u00e7al\u0131\u015fanlar i\u00e7in bir y\u00fck\u00fcml\u00fcl\u00fck ve sorumluluktur. \u0130\u015f g\u00fcvenli\u011fi ve sa\u011fl\u0131\u011f\u0131n korunmas\u0131 politikas\u0131n\u0131n en \u00f6nemli amac\u0131, \u015firketimizde \u00e7al\u0131\u015fan t\u00fcm \u00e7al\u0131\u015fanlar\u0131n sa\u011fl\u0131\u011f\u0131n\u0131n korunmas\u0131d\u0131r. Bu ba\u011flamda, t\u00fcm \u00e7al\u0131\u015fanlar\u0131n s\u00fcrekli dikkatli olmas\u0131 ve g\u00fcvenlik bilincine sahip davran\u0131\u015flar sergilemesi vazge\u00e7ilmezdir. \u0130\u015f g\u00fcvenli\u011fi ile ilgili prosed\u00fcr ve davran\u0131\u015flar\u0131n iyile\u015ftirilmesi ve geli\u015ftirilmesi s\u00fcrekli olarak te\u015fvik edilmekte ve \u00e7al\u0131\u015fanlar\u0131m\u0131z, faaliyetlerini yerine getirirken ve \u00f6ng\u00f6r\u00fclen \u00e7al\u0131\u015fma prosed\u00fcrlerine uyarken bu konuda e\u011fitilmektedir.[\/vc_column_text][vc_empty_space height=&#8221;50px&#8221;]<\/div><\/div><div class=\"clearboth\"><\/div><\/div><div class=\"gem-icon-with-text gem-icon-with-text-icon-size-xlarge gem-interactions-enabled\"  data-horizontal_scroll_enable=\"yes\" data-horizontal_scroll_speed=\"6\" data-rellax-min-x=\"0\" data-disable_effects_mobile=\"disable\" ><div style=\"margin-bottom:0px;margin-top:0px; \" class=\"gem-icon-with-text-icon\"><div class=\"gem-icon gem-icon-pack-material gem-icon-size-xlarge  gem-icon-shape-square \"  style=\"border-color: #ffe500;opacity: 1;\"><div class=\"gem-icon-inner\" style=\"background-color: #ffe500;\"><span class=\"gem-icon-half-1\" style=\"color: #575757;\"><span class=\"back-angle\">&#xf206;<\/span><\/span><span class=\"gem-icon-half-2\" style=\"color: #575757;\"><span class=\"back-angle\">&#xf206;<\/span><\/span><\/div><\/div><\/div><div class=\"gem-icon-with-text-content\" ><div class=\"gem-icon-with-text-text\">[vc_column_text css=&#8221;.vc_custom_1648632870397{padding-left: 50px !important;}&#8221;]<\/p>\n<h2>kalite g\u00fcvencesi<\/h2>\n<p>Fabrikalar\u0131m\u0131zdaki makineler ve tesislerin y\u00fcksek kalite standartlar\u0131m\u0131za uymas\u0131 i\u00e7in bunlar\u0131n \u00e7o\u011funu kendimiz geli\u015ftiriyoruz. Tek tip test gereksinimleri ve otomatik test istasyonlar\u0131 ile b\u00fcy\u00fck miktarlarda sabit y\u00fcksek kalitede \u00fcretim yap\u0131yoruz. Kalite kontrollerimiz i\u00e7in, basit kumpaslardan son teknoloji 3D \u00f6l\u00e7\u00fcm kollar\u0131na kadar \u00e7ok \u00e7e\u015fitli \u00f6l\u00e7\u00fcm cihazlar\u0131 kullan\u0131yoruz. Mobilya kullan\u0131m\u0131n\u0131n ne kadar zorlu olabilece\u011fini bildi\u011fimizden, kendi test laboratuvar\u0131m\u0131zda \u00e7ekmecelerimiz \u00fczerinde s\u00fcrekli olarak s\u0131k\u0131 dayan\u0131kl\u0131l\u0131k ve y\u00fck testleri yap\u0131yoruz.[\/vc_column_text][vc_empty_space height=&#8221;50px&#8221;]<\/div><\/div><div class=\"clearboth\"><\/div><\/div><div class=\"gem-icon-with-text gem-icon-with-text-icon-size-xlarge gem-interactions-enabled\"  data-horizontal_scroll_enable=\"yes\" data-horizontal_scroll_speed=\"5\" data-rellax-min-x=\"0\" data-disable_effects_mobile=\"disable\" ><div style=\"margin-bottom:0px;margin-top:0px; \" class=\"gem-icon-with-text-icon\"><div class=\"gem-icon gem-icon-pack-material gem-icon-size-xlarge  gem-icon-shape-square \"  style=\"border-color: #ffe500;opacity: 1;\"><div class=\"gem-icon-inner\" style=\"background-color: #ffe500;\"><span class=\"gem-icon-half-1\" style=\"color: #575757;\"><span class=\"back-angle\">&#xf3cb;<\/span><\/span><span class=\"gem-icon-half-2\" style=\"color: #575757;\"><span class=\"back-angle\">&#xf3cb;<\/span><\/span><\/div><\/div><\/div><div class=\"gem-icon-with-text-content\" ><div class=\"gem-icon-with-text-text\">[vc_column_text css=&#8221;.vc_custom_1764938845670{padding-left: 50px !important;}&#8221;]<\/p>\n<h2>energy management<\/h2>\n<p>DIN EN ISO 50001 sertifikas\u0131, REME&#8217;nin bu standard\u0131n t\u00fcm gerekliliklerini kar\u015f\u0131lad\u0131\u011f\u0131n\u0131 ve enerji t\u00fcketimini s\u00fcrekli olarak kontrol edip optimize etti\u011fini onaylar. Yap\u0131lan iyile\u015ftirmeler bir yandan enerji t\u00fcketimini ve \u00fcretim maliyetlerini azalt\u0131rken, di\u011fer yandan daha d\u00fc\u015f\u00fck CO2 emisyonlar\u0131na yol a\u00e7arak k\u00fcresel iklim de\u011fi\u015fikli\u011fini azalt\u0131r. Bu sertifika ile, hem \u00fcretim tesislerimizde hem de idari olarak enerji gereksinimlerimizi s\u00fcrekli olarak optimize etmeyi ve yenilenemeyen enerji kaynaklar\u0131n\u0131n kaynak tasarrufu sa\u011flayacak \u015fekilde kullan\u0131lmas\u0131n\u0131 taahh\u00fct ediyoruz. Bu taahh\u00fctle, gelecek nesillerin yan\u0131 s\u0131ra \u00e7evre ve iklim koruma konusunda da sorumluluk \u00fcstleniyoruz.<\/p>\n<p><a href=\"https:\/\/www.reme-gmbh.de\/pdf\/REME-Zertifikat-DIN-EN-ISO-50001.pdf\" target=\"_blank\" rel=\"noopener\">\u00bb Certificate DIN EN ISO 50001:2018 (PDF)<\/a><br \/>\n<a href=\"https:\/\/www.reme-gmbh.de\/pdf\/REME-Zertifikat-DIN-EN-ISO-50001-Anhang.pdf\" target=\"_blank\" rel=\"noopener\">\u00bb Appendix DIN EN ISO 50001:2018 (PDF)<\/a><\/p>\n<p><img class=\"alignnone size-full wp-image-1138\" src=\"https:\/\/www.reme-gmbh.de\/wp-content\/uploads\/2022\/04\/Logo-TUEV-CEERT-ISO-50001.png\" alt=\"\" width=\"150\" height=\"125\" \/>[\/vc_column_text][vc_empty_space height=&#8221;50px&#8221;]<\/div><\/div><div class=\"clearboth\"><\/div><\/div><div class=\"gem-icon-with-text gem-icon-with-text-icon-size-xlarge gem-interactions-enabled\"  data-horizontal_scroll_enable=\"yes\" data-horizontal_scroll_speed=\"5\" data-rellax-min-x=\"0\" data-disable_effects_mobile=\"disable\" ><div style=\"margin-bottom:0px;margin-top:0px; \" class=\"gem-icon-with-text-icon\"><div class=\"gem-icon gem-icon-pack-material gem-icon-size-xlarge  gem-icon-shape-square \"  style=\"border-color: #ffe500;opacity: 1;\"><div class=\"gem-icon-inner\" style=\"background-color: #ffe500;\"><span class=\"gem-icon-half-1\" style=\"color: #575757;\"><span class=\"back-angle\">&#xf3c5;<\/span><\/span><span class=\"gem-icon-half-2\" style=\"color: #575757;\"><span class=\"back-angle\">&#xf3c5;<\/span><\/span><\/div><\/div><\/div><div class=\"gem-icon-with-text-content\" ><div class=\"gem-icon-with-text-text\">[vc_column_text css=&#8221;.vc_custom_1648632883280{padding-left: 50px !important;}&#8221;]<\/p>\n<h2>sustainability<\/h2>\n<p>S\u00fcrd\u00fcr\u00fclebilirlik, REME i\u00e7in uzun vadeli ekonomik ba\u015far\u0131n\u0131n temel \u015fart\u0131d\u0131r. S\u00fcrd\u00fcr\u00fclebilirlik, \u015firketimizin toplumda kabul\u00fcn\u00fc art\u0131rmas\u0131 ve gelece\u011fini \u2013 ve dolay\u0131s\u0131yla \u00e7al\u0131\u015fanlar\u0131n\u0131n i\u015flerini \u2013 uzun vadede g\u00fcvence alt\u0131na almas\u0131 i\u00e7in gerekli ko\u015fullar\u0131 yarat\u0131r. S\u00fcrd\u00fcr\u00fclebilir ekonomi, dolay\u0131s\u0131yla \u00e7evre koruma, i\u015f g\u00fcvenli\u011fi, enerji y\u00f6netimi, \u00fcr\u00fcn yenili\u011fi, kalite g\u00fcvencesi, \u00e7al\u0131\u015fan bak\u0131m\u0131, m\u00fc\u015fteri hizmetleri, tesis bak\u0131m\u0131 vb. gibi bir\u00e7ok unsurun dengeli bir \u015fekilde bir araya gelmesini gerektirir.<\/p>\n<p>Ekonomik ba\u015far\u0131m\u0131z\u0131n \u00f6nemli bir k\u0131sm\u0131 \u00e7al\u0131\u015fanlar\u0131m\u0131za aittir. Bu nedenle, bir aile \u015firketi olarak \u00e7al\u0131\u015fanlar\u0131m\u0131za i\u015f ve \u00f6zel hayatlar\u0131n\u0131 m\u00fcmk\u00fcn oldu\u011funca iyi bir \u015fekilde dengeleyebilecekleri ko\u015fullar yaratmaya \u00f6zen g\u00f6steriyoruz. \u0130\u015fyerinde sa\u011fl\u0131k y\u00f6netimi program\u0131m\u0131zla \u00e7al\u0131\u015fanlar\u0131m\u0131z\u0131n memnuniyetini korumaya \u00e7al\u0131\u015f\u0131yoruz. \u0130\u015fyerinde \u00f6neri ve iyile\u015ftirme y\u00f6netimimiz, yeni fikirleri te\u015fvik eder ve i\u015fyerinde s\u00fcre\u00e7lerin optimizasyonu i\u00e7in te\u015fvikler sa\u011flar.[\/vc_column_text][vc_empty_space height=&#8221;50px&#8221;]<\/div><\/div><div class=\"clearboth\"><\/div><\/div><div class=\"gem-icon-with-text gem-icon-with-text-icon-size-xlarge gem-interactions-enabled\"  data-horizontal_scroll_enable=\"yes\" data-horizontal_scroll_speed=\"5\" data-rellax-min-x=\"0\" data-disable_effects_mobile=\"disable\" ><div style=\"margin-bottom:0px;margin-top:0px; \" class=\"gem-icon-with-text-icon\"><div class=\"gem-icon gem-icon-pack-elegant gem-icon-size-xlarge  gem-icon-shape-square \"  style=\"border-color: #ffe500;opacity: 1;\"><div class=\"gem-icon-inner\" style=\"background-color: #ffe500;\"><span class=\"gem-icon-half-1\" style=\"color: #575757;\"><span class=\"back-angle\">&#xe0de;<\/span><\/span><span class=\"gem-icon-half-2\" style=\"color: #575757;\"><span class=\"back-angle\">&#xe0de;<\/span><\/span><\/div><\/div><\/div><div class=\"gem-icon-with-text-content\" ><div class=\"gem-icon-with-text-text\">[vc_column_text css=&#8221;.vc_custom_1676453941874{padding-left: 50px !important;}&#8221;]<\/p>\n<h2>AEO<\/h2>\n<p>REME, g\u00fcmr\u00fck hukuku a\u00e7\u0131s\u0131ndan g\u00fcvenilir bir ortakt\u0131r. Biz, \u201cYetkili Ekonomik Operat\u00f6r\u201d (k\u0131saca AEO) olarak sertifikaland\u0131r\u0131lm\u0131\u015f bir \u015firketiz. K\u00fcreselle\u015fme ve artan uluslararas\u0131 ter\u00f6rizm nedeniyle, uluslararas\u0131 ticarette mal hareketlerinin g\u00fcvenli\u011fi giderek daha fazla \u00f6nem kazanmaktad\u0131r. AEO stat\u00fcs\u00fc, uluslararas\u0131 ekonomik ili\u015fkilerde g\u00fcvenilirlik ve g\u00fcvenlik a\u00e7\u0131s\u0131ndan bizi sertifikaland\u0131rmaktad\u0131r. AEO sertifikas\u0131, kontrollerin azalt\u0131lmas\u0131 ve g\u00fcmr\u00fckte \u00f6ncelikli muamele sayesinde hem ithalat hem de ihracat taraf\u0131nda g\u00fcmr\u00fck i\u015flemlerini h\u0131zland\u0131rmaktad\u0131r. Ayr\u0131ca, g\u00fcmr\u00fck mevzuat\u0131ndaki di\u011fer kolayl\u0131klara eri\u015fim de kolayla\u015fmaktad\u0131r. Sertifikam\u0131z, g\u00fcvenlik teknik bile\u015feni AEO-S (G\u00fcvenlik) ile ilgili g\u00fcmr\u00fck mevzuat\u0131 kolayla\u015ft\u0131rmalar\u0131n\u0131 kapsamaktad\u0131r ve g\u00fcmr\u00fck a\u00e7\u0131s\u0131ndan en y\u00fcksek sertifika seviyesi olarak kabul edilmektedir.<br \/>\nTranslated with DeepL.com (free version)<\/p>\n<p><img class=\"alignnone wp-image-1140\" src=\"https:\/\/www.reme-gmbh.de\/wp-content\/uploads\/2022\/04\/Logo-AEO.png\" alt=\"\" width=\"200\" height=\"132\" \/>[\/vc_column_text]<\/div><\/div><div class=\"clearboth\"><\/div><\/div>[vc_empty_space height=&#8221;100px&#8221;][\/vc_column][\/vc_row][vc_row full_width=&#8221;stretch_row_content_no_spaces&#8221; disable_element=&#8221;yes&#8221;][vc_column]<div id=\"fullwidth-block-69e7520b96ec9\" class=\"fullwidth-block fullwidth-block-parallax-vertical clearfix\" data-mobile-parallax-enable=\"0\" style=\"background-color: #2c2e3d;padding-top: 120px;padding-bottom: 60px;\"><script type=\"text\/javascript\">if (typeof(gem_fix_fullwidth_position) == \"function\") { gem_fix_fullwidth_position(document.getElementById(\"fullwidth-block-69e7520b96ec9\")); }<\/script><div class=\"fullwidth-block-background\" style=\"background-image: url(https:\/\/www.reme-gmbh.de\/wp-content\/uploads\/2022\/02\/Hintergrund-1.jpg);background-repeat: no-repeat; background-size: cover;background-position: center center;\"><\/div><div class=\"fullwidth-block-inner\"><div class=\"container\"><div class=\"quickfinder quickfinder-style-classic row inline-row quickfinder-icon-position-top quickfinder-alignment-center quickfinder-title-bold\" data-hover-icon-color=\"#a88df4\" data-hover-title-color=\"#a88df4\" data-hover-description-color=\"#99a9b5\"><div id=\"post-8685\" data-ll-finish-delay=\"200\" class=\"quickfinder-item inline-column col-md-6 col-sm-6 col-xs-12 quickfinder-item-effect-simple icon-size-large quickfinder-box-style-solid lazy-loading post-8685 thegem_qf_item type-thegem_qf_item status-publish\" data-ll-item-delay=\"0\"> <div class=\"quickfinder-item-box\" style=\"\"> <div class=\"quickfinder-item-inner\"> <div class=\"quickfinder-item-image\"> <div class=\"quickfinder-item-image-content lazy-loading-item\" data-ll-item-delay=\"0\" data-ll-effect=\"clip\"> <div class=\"quickfinder-item-image-wrapper quickfinder-item-picture quickfinder-item-image-shape-circle\"> <span class=\"gem-dummy quickfinder-img-size-large\"><\/span> <\/div> <\/div> <\/div> <div class=\"quickfinder-item-info-wrapper\"> <div class=\"quickfinder-item-info lazy-loading-item\" data-ll-item-delay=\"200\" data-ll-effect=\"fading\"> <div class=\"quickfinder-item-title\" >S\u00dcRD\u00dcR\u00dcLEB\u0130L\u0130RL\u0130K<\/div> <\/div> <\/div> <\/div> <\/div> <\/div> <\/div><\/div><\/div><\/div>[\/vc_column][\/vc_row]<\/p>\n<\/div>","protected":false},"excerpt":{"rendered":"<p>[vc_row css=&#8221;.vc_custom_1646318960030{margin-top: -50px !important;margin-bottom: 60px !important;}&#8221;][vc_column][vc_column_text css_animation=&#8221;none&#8221;] \u00dc\u00e7\u00fcnc\u00fc nesil bir aile \u015firketi olarak, sorumlu davran\u0131\u015flar \u015firket k\u00fclt\u00fcr\u00fcm\u00fcz\u00fcn ayr\u0131lmaz bir par\u00e7as\u0131d\u0131r&#8230;.<\/p>\n","protected":false},"author":1,"featured_media":0,"parent":0,"menu_order":0,"comment_status":"closed","ping_status":"closed","template":"","meta":{"_acf_changed":false,"footnotes":""},"class_list":["post-8661","page","type-page","status-publish"],"acf":[],"_links":{"self":[{"href":"https:\/\/www.reme-gmbh.de\/tr\/wp-json\/wp\/v2\/pages\/8661","targetHints":{"allow":["GET"]}}],"collection":[{"href":"https:\/\/www.reme-gmbh.de\/tr\/wp-json\/wp\/v2\/pages"}],"about":[{"href":"https:\/\/www.reme-gmbh.de\/tr\/wp-json\/wp\/v2\/types\/page"}],"author":[{"embeddable":true,"href":"https:\/\/www.reme-gmbh.de\/tr\/wp-json\/wp\/v2\/users\/1"}],"replies":[{"embeddable":true,"href":"https:\/\/www.reme-gmbh.de\/tr\/wp-json\/wp\/v2\/comments?post=8661"}],"version-history":[{"count":9,"href":"https:\/\/www.reme-gmbh.de\/tr\/wp-json\/wp\/v2\/pages\/8661\/revisions"}],"predecessor-version":[{"id":9013,"href":"https:\/\/www.reme-gmbh.de\/tr\/wp-json\/wp\/v2\/pages\/8661\/revisions\/9013"}],"wp:attachment":[{"href":"https:\/\/www.reme-gmbh.de\/tr\/wp-json\/wp\/v2\/media?parent=8661"}],"curies":[{"name":"wp","href":"https:\/\/api.w.org\/{rel}","templated":true}]}}