{"id":8658,"date":"2022-01-18T13:43:54","date_gmt":"2022-01-18T13:43:54","guid":{"rendered":"https:\/\/www.reme-gmbh.de\/zemin-alti-cekmeceler\/"},"modified":"2025-12-05T12:03:42","modified_gmt":"2025-12-05T12:03:42","slug":"zemin-alti-cekmeceler","status":"publish","type":"page","link":"https:\/\/www.reme-gmbh.de\/tr\/zemin-alti-cekmeceler\/","title":{"rendered":"Gizli Raylar"},"content":{"rendered":"<div class=\"wpb-content-wrapper\"><p>[vc_row css=&#8221;.vc_custom_1651497913376{margin-top: -50px !important;margin-bottom: 50px !important;}&#8221;][vc_column][vc_column_text css=&#8221;&#8221;]Bir \u00e7ekmeceyi her a\u00e7t\u0131\u011f\u0131n\u0131zda, bu hareketin arkas\u0131nda genellikle H\u00f6velhof\u2019un bir par\u00e7as\u0131 vard\u0131r. Milyonlarca mobilyada REME \u00e7ekmeceleri sorunsuz ve hassas bir \u00e7al\u0131\u015fma sa\u011flar. Raylar\u0131m\u0131z son teknoloji rulo sac \u015fekillendirme tesislerinde \u00fcretilir ve bu sayede \u00f6zellikle sessiz bir \u00e7al\u0131\u015fma garanti eder.<\/p>\n<p>\u00dcr\u00fcn yelpazemizde arad\u0131\u011f\u0131n\u0131z \u00e7ekmece raylar\u0131n\u0131 hemen bulamazsan\u0131z, size uygun ileti\u015fim kanal\u0131n\u0131 <a href=\"https:\/\/2021.reme-gmbh.de\/kontakt\/\">kullanarak<\/a> bize ula\u015f\u0131n, Uzman dan\u0131\u015fmanl\u0131k ekibimiz, uygun \u00e7ekmece ray\u0131 se\u00e7iminde size profesyonel destek sa\u011flayacakt\u0131r.<\/p>\n<p>Ayr\u0131ca tabii ki m\u00fc\u015fterilerimizin \u00f6zel ray taleplerini de ihtiya\u00e7lar\u0131na g\u00f6re, tecr\u00fcbe ve geli\u015fmi\u015f teknolojimizle kar\u015f\u0131layabiliriz. Uygulaman\u0131z i\u00e7in do\u011fru \u00e7\u00f6z\u00fcm\u00fc bulana kadar sizlere destek olmaktay\u0131z.<\/p>\n<p>1.000 Set \u00fcst\u00fc \u00f6zel talepleri kar\u015f\u0131layabiliriz.[\/vc_column_text][vc_column_text css=&#8221;&#8221;][\/vc_column_text][\/vc_column][\/vc_row][vc_row full_width=&#8221;stretch_row_content&#8221; equal_height=&#8221;yes&#8221; content_placement=&#8221;middle&#8221; el_id=&#8221;perfect-peanut&#8221;][vc_column css=&#8221;.vc_custom_1649076244308{background-color: #ffffff !important;}&#8221; offset=&#8221;vc_col-lg-6 vc_col-md-5 vc_col-xs-12&#8243;][vc_single_image image=&#8221;8381&#8243; img_size=&#8221;full&#8221; alignment=&#8221;center&#8221; css=&#8221;&#8221; interactions_enabled=&#8221;1&#8243; horizontal_scroll=&#8221;1&#8243; horizontal_scroll_direction=&#8221;horizontal_scroll_direction_right&#8221; horizontal_scroll_speed=&#8221;2&#8243; horizontal_scroll_viewport_top=&#8221;50&#8243;][\/vc_column][vc_column disable_custom_paddings_tablet=&#8221;true&#8221; disable_custom_paddings_mobile=&#8221;true&#8221; css=&#8221;.vc_custom_1649234665456{margin-top: 0px !important;padding-right: 45px !important;padding-left: 45px !important;background-color: #ffe500 !important;}&#8221; offset=&#8221;vc_col-lg-6 vc_col-md-7 vc_col-xs-12&#8243;][vc_column_text css=&#8221;&#8221;]<strong>PERFECT PEANUT\u00ae<\/strong> \u2013 <strong>Aletsiz montaj i\u00e7in birinci s\u0131n\u0131f gizli \u00e7ekmece ray\u0131<\/strong><\/p>\n<p><strong>PERFECT PEANUT\u00ae<\/strong> k\u0131smi a\u00e7\u0131l\u0131m \u00e7ekmece ray\u0131n\u0131n y\u0131ld\u0131z \u015feklindeki profil geometrisi, yanl\u0131\u015f y\u00fcklemeleri ustaca dengeler. Y\u0131ld\u0131z alan\u0131n\u0131n \u00fcst \u00fcste binmesi y\u00fcksek bir sertlik sa\u011flar ve bu da s\u00f6n\u00fcmleme fonksiyonunu olumlu y\u00f6nde etkiler. PEANUT\u00ae ba\u011flant\u0131 teknolojisi ayr\u0131ca \u00e7ekmece ray\u0131n\u0131n aletsiz monte edilmesini sa\u011flar. PERFECT PEANUT\u00ae, oturma ve yatak odalar\u0131ndaki ah\u015fap \u00e7ekmeceler i\u00e7in t\u00fcm i\u015flevsel gereksinimleri kar\u015f\u0131lar. PERFECT PEANUT\u00ae, iste\u011fe ba\u011fl\u0131 olarak tam boy standart versiyon veya k\u0131salt\u0131lm\u0131\u015f versiyon olarak mevcuttur.[\/vc_column_text][vc_row_inner][vc_column_inner width=&#8221;1\/2&#8243;]<div class=\"gem-list gem-list-type-checkbox\" ><h3>\u00d6zellikler<\/h3>\n<ul>\n<li>Y\u0131ld\u0131z \u015feklindeki profil<\/li>\n<li><sup>PEANUT\u00ae<\/sup> ba\u011flant\u0131 donan\u0131mlar\u0131 ile<\/li>\n<li>H\u0131zl\u0131 ve kolay montaj<\/li>\n<li>25 kg&#8217;a kadar y\u00fck kapasitesi<\/li>\n<li>Opsiyonel olarak 1D veya 2D mandal ile<\/li>\n<li>Opsiyonel olarak k\u0131sa versiyon (mandal olmadan)<\/li>\n<\/ul>\n<\/div>[\/vc_column_inner][vc_column_inner width=&#8221;1\/2&#8243;]<div class=\"gem-list gem-list-type-double-arrow\" ><h3>\u0130ndir<\/h3>\n<ul>\n<li><a style=\"text-decoration: underline;\" href=\"https:\/\/www.reme-gmbh.de\/pdf\/REME-Katalog-de.pdf#page=19\" target=\"_blank\" rel=\"noopener\"><sup>PERFECT PEANUT\u00ae<\/sup> veri sayfas\u0131<\/a><\/li>\n<li><a style=\"text-decoration: underline;\" href=\"https:\/\/www.reme-gmbh.de\/pdf\/REME-Katalog-de.pdf#page=51\" target=\"_blank\" rel=\"noopener\">Montaj talimatlar\u0131 1D mandal<\/a><\/li>\n<li><a style=\"text-decoration: underline;\" href=\"https:\/\/www.reme-gmbh.de\/pdf\/REME-Katalog-de.pdf#page=52\" target=\"_blank\" rel=\"noopener\">Montaj talimatlar\u0131 2D mandal<\/a><\/li>\n<li><a style=\"text-decoration: underline;\" href=\"https:\/\/www.reme-gmbh.de\/pdf\/REME-Katalog-de.pdf#page=48\" target=\"_blank\" rel=\"noopener\">Montaj talimat\u0131 Lift Lock<\/a><\/li>\n<\/ul>\n<\/div>[\/vc_column_inner][\/vc_row_inner][\/vc_column][\/vc_row][vc_row][vc_column][vc_empty_space height=&#8221;50px&#8221;][\/vc_column][\/vc_row][vc_row full_width=&#8221;stretch_row_content&#8221; equal_height=&#8221;yes&#8221; content_placement=&#8221;middle&#8221; el_id=&#8221;perfect&#8221;][vc_column css=&#8221;.vc_custom_1649076244308{background-color: #ffffff !important;}&#8221; offset=&#8221;vc_col-lg-6 vc_col-md-5 vc_col-xs-12&#8243;][vc_single_image image=&#8221;8384&#8243; img_size=&#8221;full&#8221; alignment=&#8221;center&#8221; css=&#8221;&#8221; interactions_enabled=&#8221;1&#8243; horizontal_scroll=&#8221;1&#8243; horizontal_scroll_direction=&#8221;horizontal_scroll_direction_right&#8221; horizontal_scroll_speed=&#8221;2&#8243; horizontal_scroll_viewport_top=&#8221;50&#8243;][\/vc_column][vc_column disable_custom_paddings_tablet=&#8221;true&#8221; disable_custom_paddings_mobile=&#8221;true&#8221; css=&#8221;.vc_custom_1649234665456{margin-top: 0px !important;padding-right: 45px !important;padding-left: 45px !important;background-color: #ffe500 !important;}&#8221; offset=&#8221;vc_col-lg-6 vc_col-md-7 vc_col-xs-12&#8243;][vc_column_text css=&#8221;&#8221;]<\/p>\n<h3>PERFECT \u2013 Premium gizli \u00e7ekmece ray\u0131<\/h3>\n<p>PERFECT gizli \u00e7ekmece ray\u0131n\u0131n y\u0131ld\u0131z \u015feklindeki geometrisi sayesinde yanl\u0131\u015f y\u00fcklemeler ustaca dengelenir. Y\u0131ld\u0131z alan\u0131n\u0131n \u00fcst \u00fcste binmesi y\u00fcksek bir sertlik sa\u011flar, bu da otomatik kapanma ve s\u00f6n\u00fcmleme i\u015flevini olumlu y\u00f6nde etkiler. PERFECT, oturma ve yatak odas\u0131ndaki ah\u015fap \u00e7ekmeceler i\u00e7in t\u00fcm i\u015flevsel gereksinimleri kar\u015f\u0131lar. PERFECT, tam boy standart versiyon veya k\u0131salt\u0131lm\u0131\u015f versiyon olarak mevcuttur.[\/vc_column_text][vc_row_inner][vc_column_inner width=&#8221;1\/2&#8243;]<div class=\"gem-list gem-list-type-checkbox\" ><h3>\u00d6zellikler<\/h3>\n<ul>\n<li>Y\u0131ld\u0131z \u015feklindeki profil<\/li>\n<li>Kademesiz y\u00fckseklik ayar\u0131<\/li>\n<li>25 kg&#8217;a kadar y\u00fck kapasitesi<\/li>\n<li>Opsiyonel olarak 1D veya 2D mandal ile<\/li>\n<li>Opsiyonel olarak k\u0131sa versiyon (ba\u011flant\u0131 eleman\u0131 olmadan)<\/li>\n<\/ul>\n<\/div>[\/vc_column_inner][vc_column_inner width=&#8221;1\/2&#8243;]<div class=\"gem-list gem-list-type-double-arrow\" ><h3>\u0130ndir<\/h3>\n<ul>\n<li><a style=\"text-decoration: underline;\" href=\"https:\/\/www.reme-gmbh.de\/pdf\/REME-Katalog-de.pdf#page=5\" target=\"_blank\" rel=\"noopener\">Veri sayfas\u0131 PERFECT<\/a><\/li>\n<li><a style=\"text-decoration: underline;\" href=\"https:\/\/www.reme-gmbh.de\/pdf\/REME-Katalog-de.pdf#page=51\" target=\"_blank\" rel=\"noopener\">Montaj talimatlar\u0131 1D mandal<\/a><\/li>\n<li><a style=\"text-decoration: underline;\" href=\"https:\/\/www.reme-gmbh.de\/pdf\/REME-Katalog-de.pdf#page=52\" target=\"_blank\" rel=\"noopener\">Montaj talimatlar\u0131 2D mandal<\/a><\/li>\n<li><a style=\"text-decoration: underline;\" href=\"https:\/\/www.reme-gmbh.de\/pdf\/REME-Katalog-de.pdf#page=48\" target=\"_blank\" rel=\"noopener\">Montaj talimat\u0131 Lift Lock<\/a><\/li>\n<\/ul>\n<\/div>[\/vc_column_inner][\/vc_row_inner][\/vc_column][\/vc_row][vc_row][vc_column][vc_empty_space height=&#8221;50px&#8221;][\/vc_column][\/vc_row][vc_row full_width=&#8221;stretch_row_content&#8221; equal_height=&#8221;yes&#8221; content_placement=&#8221;middle&#8221;][vc_column css=&#8221;.vc_custom_1649076244308{background-color: #ffffff !important;}&#8221; offset=&#8221;vc_col-lg-6 vc_col-md-5 vc_col-xs-12&#8243;][vc_single_image image=&#8221;8522&#8243; img_size=&#8221;full&#8221; alignment=&#8221;center&#8221; css=&#8221;&#8221; interactions_enabled=&#8221;1&#8243; horizontal_scroll=&#8221;1&#8243; horizontal_scroll_direction=&#8221;horizontal_scroll_direction_right&#8221; horizontal_scroll_speed=&#8221;2&#8243; horizontal_scroll_viewport_top=&#8221;50&#8243;][\/vc_column][vc_column disable_custom_paddings_tablet=&#8221;true&#8221; disable_custom_paddings_mobile=&#8221;true&#8221; css=&#8221;.vc_custom_1649234665456{margin-top: 0px !important;padding-right: 45px !important;padding-left: 45px !important;background-color: #ffe500 !important;}&#8221; offset=&#8221;vc_col-lg-6 vc_col-md-7 vc_col-xs-12&#8243;][vc_column_text css=&#8221;&#8221;]<\/p>\n<h3>PERFECT EB23 \u2013 Premium gizli \u00e7ekmece ray\u0131<\/h3>\n<p>PERFECT gizli \u00e7ekmece ray\u0131n\u0131n y\u0131ld\u0131z \u015feklindeki geometrisi sayesinde yanl\u0131\u015f y\u00fcklemeler ustaca dengelenir. Y\u0131ld\u0131z alan\u0131n\u0131n \u00fcst \u00fcste binmesi y\u00fcksek bir sertlik sa\u011flar, bu da otomatik kapanma ve yava\u015flatma i\u015flevini olumlu y\u00f6nde etkiler. PERFECT, oturma ve yatak odas\u0131ndaki ah\u015fap \u00e7ekmeceler i\u00e7in t\u00fcm i\u015flevsel gereksinimleri kar\u015f\u0131lar. PERFECT, tam boy standart versiyon veya k\u0131salt\u0131lm\u0131\u015f versiyon olarak mevcuttur.<br \/>\nPERFECT EB23 k\u0131smi \u00e7ekmece, \u00e7ekmece frenli veya Bas-A\u00e7 versiyonu mevcuttur. \u00c7ekmecelerin tak\u0131lmas\u0131 ve \u00e7\u0131kar\u0131lmas\u0131 i\u00e7in a\u015fa\u011f\u0131daki se\u00e7enekler sunulmaktad\u0131r: Pimli montaj, 1D mandal ve 2D mandal. \u00c7ekmece kilitleme i\u00e7in PERFECT k\u0131smi \u00e7ekmece, kald\u0131rma emniyet sistemi sunar.[\/vc_column_text][vc_row_inner][vc_column_inner width=&#8221;1\/2&#8243;]<div class=\"gem-list gem-list-type-checkbox\" ><h3>\u00d6zellikler<\/h3>\n<ul>\n<li>Y\u0131ld\u0131z \u015feklindeki profil<\/li>\n<li>Kademesiz y\u00fckseklik ayar\u0131<\/li>\n<li>25 kg&#8217;a kadar y\u00fck kapasitesi<\/li>\n<li>Opsiyonel olarak 1D veya 2D mandal ile<\/li>\n<li>Opsiyonel olarak k\u0131sa versiyon (madals\u0131z, pimli)<\/li>\n<\/ul>\n<\/div>[\/vc_column_inner][vc_column_inner width=&#8221;1\/2&#8243;]<div class=\"gem-list gem-list-type-double-arrow\" ><h3>\u0130ndir<\/h3>\n<ul>\n<li><a style=\"text-decoration: underline;\" href=\"https:\/\/www.reme-gmbh.de\/pdf\/REME-Katalog-de.pdf#page=23\" target=\"_blank\" rel=\"noopener\">Veri sayfas\u0131 PERFECT<\/a><\/li>\n<li><a style=\"text-decoration: underline;\" href=\"https:\/\/www.reme-gmbh.de\/pdf\/REME-Katalog-de.pdf#page=51\" target=\"_blank\" rel=\"noopener\">Montaj talimatlar\u0131 1D mandal<\/a><\/li>\n<li><a style=\"text-decoration: underline;\" href=\"https:\/\/www.reme-gmbh.de\/pdf\/REME-Katalog-de.pdf#page=52\" target=\"_blank\" rel=\"noopener\">Montaj talimatlar\u0131 2D mandal<\/a><\/li>\n<li><a style=\"text-decoration: underline;\" href=\"https:\/\/www.reme-gmbh.de\/pdf\/REME-Katalog-de.pdf#page=48\" target=\"_blank\" rel=\"noopener\">Montaj talimat\u0131 Lift Lock<\/a><\/li>\n<\/ul>\n<\/div>[\/vc_column_inner][\/vc_row_inner][\/vc_column][\/vc_row][vc_row][vc_column][vc_empty_space height=&#8221;50px&#8221;][\/vc_column][\/vc_row][vc_row full_width=&#8221;stretch_row_content&#8221; equal_height=&#8221;yes&#8221; content_placement=&#8221;middle&#8221; el_id=&#8221;extreme&#8221;][vc_column css=&#8221;.vc_custom_1649076244308{background-color: #ffffff !important;}&#8221; offset=&#8221;vc_col-lg-6 vc_col-md-5 vc_col-xs-12&#8243;][vc_single_image image=&#8221;8529&#8243; img_size=&#8221;full&#8221; alignment=&#8221;center&#8221; css=&#8221;&#8221; interactions_enabled=&#8221;1&#8243; horizontal_scroll=&#8221;1&#8243; horizontal_scroll_direction=&#8221;horizontal_scroll_direction_right&#8221; horizontal_scroll_speed=&#8221;2&#8243; horizontal_scroll_viewport_top=&#8221;50&#8243;][\/vc_column][vc_column disable_custom_paddings_tablet=&#8221;true&#8221; disable_custom_paddings_mobile=&#8221;true&#8221; css=&#8221;.vc_custom_1649234665456{margin-top: 0px !important;padding-right: 45px !important;padding-left: 45px !important;background-color: #ffe500 !important;}&#8221; offset=&#8221;vc_col-lg-6 vc_col-md-7 vc_col-xs-12&#8243;][vc_column_text css=&#8221;&#8221;]<\/p>\n<h3><sup>EXTREME PEANUT\u00ae<\/sup> \u2013 Premium tam a\u00e7\u0131l\u0131m gizli (alttan montaj)<\/h3>\n<p>EXTREME PEANUT\u00ae \u2013 Premium tam a\u00e7\u0131l\u0131m gizli (alttan montaj) aletsiz montaj \u00e7ekmece ray\u0131.<\/p>\n<p>EXTREME, en y\u00fcksek taleplerde bile sessizli\u011fini korur. D\u00fczg\u00fcn geometrisi sayesinde yanl\u0131\u015f y\u00fcklemeler ustaca dengelenir. Tam a\u00e7\u0131l\u0131m \u00f6zelli\u011fi, \u00e7ok hafif ve hassas \u00e7al\u0131\u015fma performans\u0131 ile \u00f6ne \u00e7\u0131kar. PEANUT\u00ae ba\u011flant\u0131 teknolojisi ayr\u0131ca, \u00e7ekmece ray\u0131n\u0131n aletsiz olarak monte edilmesini sa\u011flar. EXTREME PEANUT\u00ae b\u00f6ylece modern ya\u015fam\u0131n t\u00fcm i\u015flevsel gereksinimlerini kar\u015f\u0131lar ve her ah\u015fap \u00e7ekmece i\u00e7in idealdir. \u0130ste\u011fe ba\u011fl\u0131 olarak \u00e7ekmece yava\u015flatma ve Bas-A\u00e7 \u00f6zellikleriyle mevcuttur.[\/vc_column_text][vc_row_inner][vc_column_inner width=&#8221;1\/2&#8243;]<div class=\"gem-list gem-list-type-checkbox\" ><h3>\u00d6zellikler<\/h3>\n<ul>\n<li>Y\u0131ld\u0131z \u015feklindeki profil<\/li>\n<li>Kademesiz y\u00fckseklik ayar\u0131<\/li>\n<li>Otomatik geri \u00e7ekme ve iste\u011fe ba\u011fl\u0131 s\u00f6n\u00fcmleme ile<\/li>\n<li>25 kg&#8217;a kadar y\u00fck kapasitesi<\/li>\n<li>Opsiyonel olarak 1D veya 2D mandal ile<\/li>\n<li><sup>PEANUT\u00ae<\/sup> ba\u011flant\u0131 donan\u0131mlar\u0131 ile<\/li>\n<\/ul>\n<\/div>[\/vc_column_inner][vc_column_inner width=&#8221;1\/2&#8243;]<div class=\"gem-list gem-list-type-double-arrow\" ><h3>\u0130ndir<\/h3>\n<ul>\n<li><a style=\"text-decoration: underline;\" href=\"https:\/\/www.reme-gmbh.de\/pdf\/REME-Katalog-de.pdf#page=41\" target=\"_blank\" rel=\"noopener\"><sup>EXTREME PEANUT\u00ae<\/sup> veri sayfas\u0131<\/a><\/li>\n<li><a style=\"text-decoration: underline;\" href=\"https:\/\/www.reme-gmbh.de\/pdf\/REME-Katalog-de.pdf#page=53\" target=\"_blank\" rel=\"noopener\">Montaj talimatlar\u0131 1D mandal<\/a><\/li>\n<li><a style=\"text-decoration: underline;\" href=\"https:\/\/www.reme-gmbh.de\/pdf\/REME-Katalog-de.pdf#page=54\" target=\"_blank\" rel=\"noopener\">Montaj talimatlar\u0131 2D mandal<\/a><\/li>\n<\/ul>\n<\/div>[\/vc_column_inner][\/vc_row_inner][\/vc_column][\/vc_row][vc_row][vc_column][vc_empty_space height=&#8221;50px&#8221;][\/vc_column][\/vc_row][vc_row full_width=&#8221;stretch_row_content&#8221; equal_height=&#8221;yes&#8221; content_placement=&#8221;middle&#8221;][vc_column css=&#8221;.vc_custom_1649076244308{background-color: #ffffff !important;}&#8221; offset=&#8221;vc_col-lg-6 vc_col-md-5 vc_col-xs-12&#8243;][vc_single_image image=&#8221;8387&#8243; img_size=&#8221;full&#8221; alignment=&#8221;center&#8221; css=&#8221;&#8221; interactions_enabled=&#8221;1&#8243; horizontal_scroll=&#8221;1&#8243; horizontal_scroll_direction=&#8221;horizontal_scroll_direction_right&#8221; horizontal_scroll_speed=&#8221;2&#8243; horizontal_scroll_viewport_top=&#8221;50&#8243;][\/vc_column][vc_column disable_custom_paddings_tablet=&#8221;true&#8221; disable_custom_paddings_mobile=&#8221;true&#8221; css=&#8221;.vc_custom_1649234665456{margin-top: 0px !important;padding-right: 45px !important;padding-left: 45px !important;background-color: #ffe500 !important;}&#8221; offset=&#8221;vc_col-lg-6 vc_col-md-7 vc_col-xs-12&#8243;][vc_column_text css=&#8221;&#8221;]<\/p>\n<h3>EXTREME \u2013 Premium Tam A\u00e7\u0131l\u0131m Gizli \u00c7ekmece Ray\u0131<\/h3>\n<p>EXTREME, en y\u00fcksek taleplerde bile sessizli\u011fini korur. Tam a\u00e7\u0131l\u0131m \u00e7ekmece ray\u0131, \u00e7ok hafif ve hassas hareket \u00f6zelli\u011fi ile \u00f6ne \u00e7\u0131kar. Modern ya\u015fam\u0131n t\u00fcm i\u015flevsel taleplerini kar\u015f\u0131lar \u2013 her ah\u015fap \u00e7ekmece i\u00e7in idealdir. B\u00f6ylece EXTREME, bilyal\u0131 yatak prensibinin avantajlar\u0131n\u0131 \u00e7eli\u011fin esteti\u011fi ile etkileyici bir \u015fekilde birle\u015ftiren yeni nesil tam \u00e7ekmeceleri temsil eder.[\/vc_column_text][vc_row_inner][vc_column_inner width=&#8221;1\/2&#8243;]<div class=\"gem-list gem-list-type-checkbox\" ><h3>\u00d6zellikler<\/h3>\n<ul>\n<li>Y\u0131ld\u0131z \u015feklindeki profil<\/li>\n<li>Kademesiz y\u00fckseklik ayar\u0131<\/li>\n<li>Otomatik geri \u00e7ekme ve iste\u011fe ba\u011fl\u0131 s\u00f6n\u00fcmleme ile<\/li>\n<li>30 kg&#8217;a kadar y\u00fck kapasitesi<\/li>\n<li>Opsiyonel olarak 1D veya 2D mandal ile<\/li>\n<\/ul>\n<\/div>[\/vc_column_inner][vc_column_inner width=&#8221;1\/2&#8243;]<div class=\"gem-list gem-list-type-double-arrow\" ><h3>\u0130ndir<\/h3>\n<ul>\n<li><a style=\"text-decoration: underline;\" href=\"https:\/\/www.reme-gmbh.de\/pdf\/REME-Katalog-de.pdf#page=30\" target=\"_blank\" rel=\"noopener\">Veri sayfas\u0131 EXTREME<\/a><\/li>\n<li><a style=\"text-decoration: underline;\" href=\"https:\/\/www.reme-gmbh.de\/pdf\/REME-Katalog-de.pdf#page=53\" target=\"_blank\" rel=\"noopener\">Montaj talimatlar\u0131 1D mandal<\/a><\/li>\n<li><a style=\"text-decoration: underline;\" href=\"https:\/\/www.reme-gmbh.de\/pdf\/REME-Katalog-de.pdf#page=54\" target=\"_blank\" rel=\"noopener\">Montaj talimatlar\u0131 2D mandal<\/a><\/li>\n<\/ul>\n<\/div>[\/vc_column_inner][\/vc_row_inner][\/vc_column][\/vc_row][vc_row][vc_column][vc_empty_space height=&#8221;50px&#8221;][\/vc_column][\/vc_row][vc_row full_width=&#8221;stretch_row_content&#8221; equal_height=&#8221;yes&#8221; content_placement=&#8221;middle&#8221; el_id=&#8221;perspektive&#8221;][vc_column css=&#8221;.vc_custom_1649076244308{background-color: #ffffff !important;}&#8221; offset=&#8221;vc_col-lg-6 vc_col-md-5 vc_col-xs-12&#8243;][vc_single_image image=&#8221;1203&#8243; img_size=&#8221;full&#8221; alignment=&#8221;center&#8221; interactions_enabled=&#8221;1&#8243; horizontal_scroll=&#8221;1&#8243; horizontal_scroll_direction=&#8221;horizontal_scroll_direction_right&#8221; horizontal_scroll_speed=&#8221;2&#8243; horizontal_scroll_viewport_top=&#8221;50&#8243;][\/vc_column][vc_column disable_custom_paddings_tablet=&#8221;true&#8221; disable_custom_paddings_mobile=&#8221;true&#8221; css=&#8221;.vc_custom_1649234665456{margin-top: 0px !important;padding-right: 45px !important;padding-left: 45px !important;background-color: #ffe500 !important;}&#8221; offset=&#8221;vc_col-lg-6 vc_col-md-7 vc_col-xs-12&#8243;][vc_column_text css=&#8221;&#8221;]<\/p>\n<h3>PERSPEKTIVE \u2013 Tam \u00c7a\u0131l\u0131m Gizli \u00c7ekmece Ray\u0131<\/h3>\n<p>Otomatik kapanma mekanizmal\u0131, y\u00fcksek kaliteli tam \u00e7ekmeceler, optimum hareket kabiliyeti ve maksimum stabilite sunar. \u00c7elik profillerin hassas tasar\u0131m\u0131 sayesinde 30 kg\u2019a kadar olan y\u00fckler kontroll\u00fc bir \u015fekilde kar\u015f\u0131lan\u0131r ve e\u015fit olarak da\u011f\u0131t\u0131l\u0131r. Opsiyonel \u00e7ekmece yava\u015flatma \u00f6zelli\u011fi, \u00e7ekmecelerin yumu\u015fak ve sessiz bir \u015fekilde kapanmas\u0131n\u0131 sa\u011flar. \u0130ste\u011fe ba\u011fl\u0131 olarak Bas-A\u00e7 \u00f6zelli\u011fi ile de mevcuttur. Bu \u00f6zellik sayesinde, \u00e7ekmeceler \u00f6n k\u0131sma hafif bir bask\u0131 uyguland\u0131\u011f\u0131nda otomatik olarak a\u00e7\u0131l\u0131r.[\/vc_column_text][vc_row_inner][vc_column_inner width=&#8221;1\/2&#8243;]<div class=\"gem-list gem-list-type-checkbox\" ><h3>\u00d6zellikler<\/h3>\n<ul>\n<li>Y\u00fcksek stabilite<\/li>\n<li>30 kg&#8217;a kadar y\u00fck kapasitesi<\/li>\n<li>Opsiyonel olarak yava\u015flatma ile<\/li>\n<li>\u0130ste\u011fe ba\u011fl\u0131 olarak iterek a\u00e7ma \u00f6zelli\u011fi ile<\/li>\n<\/ul>\n<\/div>[\/vc_column_inner][vc_column_inner width=&#8221;1\/2&#8243;]<div class=\"gem-list gem-list-type-double-arrow\" ><h3>\u0130ndir<\/h3>\n<ul>\n<li><a style=\"text-decoration: underline;\" href=\"https:\/\/www.reme-gmbh.de\/pdf\/REME-Perspektive.pdf\" target=\"_blank\" rel=\"noopener\">PERSPEKTIVE bro\u015f\u00fcr\u00fc<\/a><\/li>\n<\/ul>\n<\/div>[\/vc_column_inner][\/vc_row_inner][\/vc_column][\/vc_row][vc_row][vc_column][vc_empty_space height=&#8221;100px&#8221;][\/vc_column][\/vc_row]<\/p>\n<\/div>","protected":false},"excerpt":{"rendered":"<p>[vc_row css=&#8221;.vc_custom_1651497913376{margin-top: -50px !important;margin-bottom: 50px !important;}&#8221;][vc_column][vc_column_text css=&#8221;&#8221;]Bir \u00e7ekmeceyi her a\u00e7t\u0131\u011f\u0131n\u0131zda, bu hareketin arkas\u0131nda genellikle H\u00f6velhof\u2019un bir par\u00e7as\u0131 vard\u0131r. Milyonlarca mobilyada&#8230;<\/p>\n","protected":false},"author":1,"featured_media":0,"parent":0,"menu_order":0,"comment_status":"closed","ping_status":"closed","template":"","meta":{"_acf_changed":false,"footnotes":""},"class_list":["post-8658","page","type-page","status-publish"],"acf":[],"_links":{"self":[{"href":"https:\/\/www.reme-gmbh.de\/tr\/wp-json\/wp\/v2\/pages\/8658","targetHints":{"allow":["GET"]}}],"collection":[{"href":"https:\/\/www.reme-gmbh.de\/tr\/wp-json\/wp\/v2\/pages"}],"about":[{"href":"https:\/\/www.reme-gmbh.de\/tr\/wp-json\/wp\/v2\/types\/page"}],"author":[{"embeddable":true,"href":"https:\/\/www.reme-gmbh.de\/tr\/wp-json\/wp\/v2\/users\/1"}],"replies":[{"embeddable":true,"href":"https:\/\/www.reme-gmbh.de\/tr\/wp-json\/wp\/v2\/comments?post=8658"}],"version-history":[{"count":6,"href":"https:\/\/www.reme-gmbh.de\/tr\/wp-json\/wp\/v2\/pages\/8658\/revisions"}],"predecessor-version":[{"id":8857,"href":"https:\/\/www.reme-gmbh.de\/tr\/wp-json\/wp\/v2\/pages\/8658\/revisions\/8857"}],"wp:attachment":[{"href":"https:\/\/www.reme-gmbh.de\/tr\/wp-json\/wp\/v2\/media?parent=8658"}],"curies":[{"name":"wp","href":"https:\/\/api.w.org\/{rel}","templated":true}]}}