{"id":8652,"date":"2022-05-11T08:54:17","date_gmt":"2022-05-11T08:54:17","guid":{"rendered":"https:\/\/www.reme-gmbh.de\/top-cekmeceleri\/"},"modified":"2025-12-05T12:09:58","modified_gmt":"2025-12-05T12:09:58","slug":"top-cekmeceleri","status":"publish","type":"page","link":"https:\/\/www.reme-gmbh.de\/tr\/top-cekmeceleri\/","title":{"rendered":"ilyal\u0131 \u00c7ekmece Raylar\u0131"},"content":{"rendered":"<div class=\"wpb-content-wrapper\"><p>[vc_row css=&#8221;.vc_custom_1651497913376{margin-top: -50px !important;margin-bottom: 50px !important;}&#8221;][vc_column][vc_column_text]<\/p>\n<h4>Bir \u00e7ekmeceyi her a\u00e7t\u0131\u011f\u0131n\u0131zda, bu hareketin arkas\u0131nda genellikle H\u00f6velhof&#8217;un bir par\u00e7as\u0131 vard\u0131r. Milyonlarca mobilyada REME \u00e7ekmeceleri sorunsuz ve hassas bir \u00e7al\u0131\u015fma sa\u011flar. \u00c7ekmecelerimiz son teknoloji rulo \u015fekillendirme tesislerinde \u00fcretilir ve bu sayede \u00f6zellikle sessiz bir \u00e7al\u0131\u015fma garanti eder.<\/h4>\n<h4>\u00dcr\u00fcn yelpazemizde arad\u0131\u011f\u0131n\u0131z \u00e7ekmeceleri hemen bulamazsan\u0131z, istedi\u011finiz ileti\u015fim kanal\u0131n\u0131<a href=\"https:\/\/2021.reme-gmbh.de\/kontakt\/\"> kullanarak<\/a> bize ula\u015f\u0131n. Uzman dan\u0131\u015fmanl\u0131k ekibimiz, \u00e7ekmece se\u00e7iminde size profesyonel destek sa\u011flayacakt\u0131r.<\/h4>\n<p>[\/vc_column_text][vc_column_text]<\/p>\n<h4>Elbette, m\u00fc\u015fterilerimizin ihtiya\u00e7lar\u0131na g\u00f6re \u00f6zelle\u015ftirilmi\u015f \u00fcr\u00fcnler de \u00fcretebiliyoruz. Deneyimli teknik ekibimizle, uygulaman\u0131z i\u00e7in do\u011fru \u00e7\u00f6z\u00fcm\u00fc bulana kadar size profesyonel destek sa\u011fl\u0131yoruz. Talep \u00fczerine, 1000 \u00e7iftten itibaren \u00f6zel \u00e7\u00f6z\u00fcmler \u00fcretebiliyoruz.<\/h4>\n<p>[\/vc_column_text][\/vc_column][\/vc_row][vc_row full_width=&#8221;stretch_row_content&#8221; equal_height=&#8221;yes&#8221; content_placement=&#8221;middle&#8221;][vc_column css=&#8221;.vc_custom_1649076244308{background-color: #ffffff !important;}&#8221; offset=&#8221;vc_col-lg-6 vc_col-md-5 vc_col-xs-12&#8243;][vc_single_image image=&#8221;1293&#8243; img_size=&#8221;full&#8221; alignment=&#8221;center&#8221; interactions_enabled=&#8221;1&#8243; horizontal_scroll=&#8221;1&#8243; horizontal_scroll_direction=&#8221;horizontal_scroll_direction_right&#8221; horizontal_scroll_speed=&#8221;2&#8243; horizontal_scroll_viewport_top=&#8221;50&#8243;][\/vc_column][vc_column disable_custom_paddings_tablet=&#8221;true&#8221; disable_custom_paddings_mobile=&#8221;true&#8221; css=&#8221;.vc_custom_1649234665456{margin-top: 0px !important;padding-right: 45px !important;padding-left: 45px !important;background-color: #ffe500 !important;}&#8221; offset=&#8221;vc_col-lg-6 vc_col-md-7 vc_col-xs-12&#8243;][vc_column_text css=&#8221;&#8221;]<\/p>\n<h3>Bilyal\u0131 Raylar<\/h3>\n<p>17, 27 ve 37 mm \u00e7ekmece kanal\u0131 i\u00e7in bilyal\u0131 kafes ve otomatik \u00e7ekme mekanizmal\u0131 hassas \u00e7ekmece raylar\u0131. Maksimum 10, 15 ve 25 kg y\u00fck kapasiteli k\u0131smi ve tam a\u00e7\u0131l\u0131m olarak mevcuttur. Montaj\u0131 kolayd\u0131r, bu da minimum kurulum \u00e7abas\u0131 gerektirir ve m\u00fc\u015fteriler ile onlar\u0131n son m\u00fc\u015fterileri i\u00e7in baz\u0131 \u00f6nemli avantajlar sunar.[\/vc_column_text][vc_row_inner][vc_column_inner width=&#8221;1\/2&#8243;]<div class=\"gem-list gem-list-type-checkbox\" ><h3>\u00d6ZELL\u0130KLER<\/h3>\n<ul>\n<li>17, 27, 37 mm bilyal\u0131 raylar<\/li>\n<li>M\u00fc\u015fteriye \u00f6zel uyarlanabilir<\/li>\n<li>\u0130yi \u00e7al\u0131\u015fma \u00f6zellikleri<\/li>\n<li>H\u0131zl\u0131 montaj<\/li>\n<li>D\u00fc\u015f\u00fck montaj geni\u015fli\u011fi<\/li>\n<li>\u00c7ok y\u00f6nl\u00fc kullan\u0131m (ofis, oturma odas\u0131 veya yatak odas\u0131)<\/li>\n<\/ul>\n<\/div>[\/vc_column_inner][vc_column_inner width=&#8221;1\/2&#8243;]<div class=\"gem-list gem-list-type-double-arrow\" ><h3>\u0130ND\u0130R<\/h3>\n<h3><a href=\"https:\/\/reme-gmbh.de\/pdf\/REME-Kugelauszuege.pdf\">Bro\u015f\u00fcr Bilyal\u0131 Raylar<\/a><\/h3>\n<\/div>[\/vc_column_inner][\/vc_row_inner][\/vc_column][\/vc_row][vc_row][vc_column][vc_empty_space height=&#8221;50px&#8221;][\/vc_column][\/vc_row]<\/p>\n<\/div>","protected":false},"excerpt":{"rendered":"<p>[vc_row css=&#8221;.vc_custom_1651497913376{margin-top: -50px !important;margin-bottom: 50px !important;}&#8221;][vc_column][vc_column_text] Bir \u00e7ekmeceyi her a\u00e7t\u0131\u011f\u0131n\u0131zda, bu hareketin arkas\u0131nda genellikle H\u00f6velhof&#8217;un bir par\u00e7as\u0131 vard\u0131r. Milyonlarca mobilyada&#8230;<\/p>\n","protected":false},"author":4,"featured_media":0,"parent":0,"menu_order":0,"comment_status":"closed","ping_status":"closed","template":"","meta":{"_acf_changed":false,"footnotes":""},"class_list":["post-8652","page","type-page","status-publish"],"acf":[],"_links":{"self":[{"href":"https:\/\/www.reme-gmbh.de\/tr\/wp-json\/wp\/v2\/pages\/8652","targetHints":{"allow":["GET"]}}],"collection":[{"href":"https:\/\/www.reme-gmbh.de\/tr\/wp-json\/wp\/v2\/pages"}],"about":[{"href":"https:\/\/www.reme-gmbh.de\/tr\/wp-json\/wp\/v2\/types\/page"}],"author":[{"embeddable":true,"href":"https:\/\/www.reme-gmbh.de\/tr\/wp-json\/wp\/v2\/users\/4"}],"replies":[{"embeddable":true,"href":"https:\/\/www.reme-gmbh.de\/tr\/wp-json\/wp\/v2\/comments?post=8652"}],"version-history":[{"count":11,"href":"https:\/\/www.reme-gmbh.de\/tr\/wp-json\/wp\/v2\/pages\/8652\/revisions"}],"predecessor-version":[{"id":8859,"href":"https:\/\/www.reme-gmbh.de\/tr\/wp-json\/wp\/v2\/pages\/8652\/revisions\/8859"}],"wp:attachment":[{"href":"https:\/\/www.reme-gmbh.de\/tr\/wp-json\/wp\/v2\/media?parent=8652"}],"curies":[{"name":"wp","href":"https:\/\/api.w.org\/{rel}","templated":true}]}}