{"id":8649,"date":"2022-05-11T08:56:08","date_gmt":"2022-05-11T08:56:08","guid":{"rendered":"https:\/\/www.reme-gmbh.de\/hizalama-baglanti-parcasi\/"},"modified":"2025-12-05T12:16:56","modified_gmt":"2025-12-05T12:16:56","slug":"hizalama-baglanti-parcasi","status":"publish","type":"page","link":"https:\/\/www.reme-gmbh.de\/tr\/hizalama-baglanti-parcasi\/","title":{"rendered":"Dolap Kapak Gergisi"},"content":{"rendered":"<div class=\"wpb-content-wrapper\"><p>[vc_row css=&#8221;.vc_custom_1651497913376{margin-top: -50px !important;margin-bottom: 50px !important;}&#8221;][vc_column][vc_column_text]<\/p>\n<h4>Bir \u00e7ekmeceyi her a\u00e7t\u0131\u011f\u0131n\u0131zda, bu hareketin arkas\u0131nda genellikle H\u00f6velhof&#8217;un bir par\u00e7as\u0131 vard\u0131r. Milyonlarca mobilyada REME \u00e7ekmeceleri sorunsuz ve hassas bir \u00e7al\u0131\u015fma sa\u011flar. \u00c7ekmecelerimiz son teknoloji rulo \u015fekillendirme tesislerinde \u00fcretilir ve bu sayede \u00f6zellikle sessiz bir \u00e7al\u0131\u015fma garanti eder.<\/h4>\n<h4>\u00dcr\u00fcn yelpazemizde arad\u0131\u011f\u0131n\u0131z \u00e7ekmeceleri hemen bulamazsan\u0131z, istedi\u011finiz ileti\u015fim kanal\u0131n\u0131 <a href=\"https:\/\/2021.reme-gmbh.de\/kontakt\/\">kullanarak<\/a> bize ula\u015f\u0131n. Uzman dan\u0131\u015fmanl\u0131k ekibimiz, \u00e7ekmece se\u00e7iminizde size profesyonel destek sa\u011flayacakt\u0131r.<\/h4>\n<p>[\/vc_column_text][vc_column_text]<\/p>\n<h4>Elbette, m\u00fc\u015fterilerimizin ihtiya\u00e7lar\u0131na g\u00f6re \u00f6zelle\u015ftirilmi\u015f ekler de \u00fcretebiliriz. Deneyimli teknik ekibimizle, uygulaman\u0131z i\u00e7in do\u011fru \u00e7\u00f6z\u00fcm\u00fc tasarlayana kadar size profesyonel destek sa\u011fl\u0131yoruz. Talep \u00fczerine, 1000 \u00e7iftten itibaren \u00f6zel \u00e7\u00f6z\u00fcmler \u00fcretebiliriz.<\/h4>\n<p>[\/vc_column_text][\/vc_column][\/vc_row][vc_row full_width=&#8221;stretch_row_content&#8221; equal_height=&#8221;yes&#8221; content_placement=&#8221;middle&#8221;][vc_column css=&#8221;.vc_custom_1649076244308{background-color: #ffffff !important;}&#8221; offset=&#8221;vc_col-lg-6 vc_col-md-5 vc_col-xs-12&#8243;][vc_single_image image=&#8221;1285&#8243; img_size=&#8221;750&#215;500&#8243; alignment=&#8221;center&#8221; interactions_enabled=&#8221;1&#8243; horizontal_scroll=&#8221;1&#8243; horizontal_scroll_direction=&#8221;horizontal_scroll_direction_right&#8221; horizontal_scroll_speed=&#8221;2&#8243; horizontal_scroll_viewport_top=&#8221;50&#8243;][\/vc_column][vc_column disable_custom_paddings_tablet=&#8221;true&#8221; disable_custom_paddings_mobile=&#8221;true&#8221; css=&#8221;.vc_custom_1649234665456{margin-top: 0px !important;padding-right: 45px !important;padding-left: 45px !important;background-color: #ffe500 !important;}&#8221; offset=&#8221;vc_col-lg-6 vc_col-md-7 vc_col-xs-12&#8243;][vc_column_text css=&#8221;&#8221;]<\/p>\n<h3>Hizalama ba\u011flant\u0131 par\u00e7as\u0131<\/h3>\n<p>REME\u2019nin gergi elemanlar\u0131, s\u00fcrg\u00fcl\u00fc kap\u0131lar\u0131n arzu edilmeyen \u015fekilde, d\u00f6nmesini, \u00e7arp\u0131lmas\u0131n\u0131 \u00f6nler veya d\u00fczeltir. Germe man\u015fonu s\u0131k\u0131larak gerilme gerilimi elde edilir ve kap\u0131 optimum \u015fekilde hizalan\u0131r. Y\u00fcksek y\u00fck alt\u0131nda bile \u015fekil stabilitesi, a\u015f\u0131r\u0131 \u00e7arp\u0131lm\u0131\u015f kap\u0131larda g\u00fcvenli tutu\u015f sa\u011flar.[\/vc_column_text][vc_row_inner][vc_column_inner width=&#8221;1\/2&#8243;]<div class=\"gem-list gem-list-type-checkbox\" ><h3>\u00d6zellikler<\/h3>\n<ul>\n<li>Kap\u0131 s\u00fcrg\u00fc mekanizmalar\u0131n\u0131n i\u015flevselli\u011fini destekler<\/li>\n<li>Y\u00fcksek y\u00fck alt\u0131nda bile \u015fekil stabilitesi sa\u011flar<\/li>\n<li>Kap\u0131 kanatlar\u0131n\u0131n d\u00f6nmesini \u00f6nler<\/li>\n<li>D\u00f6n\u00fck kap\u0131 kanatlar\u0131n\u0131 d\u00fczeltir<\/li>\n<li>Ah\u015fap ve s\u00fcrg\u00fcl\u00fc kap\u0131lar i\u00e7in uygundur<\/li>\n<\/ul>\n<\/div>[\/vc_column_inner][vc_column_inner width=&#8221;1\/2&#8243;]<div class=\"gem-list gem-list-type-double-arrow\" ><h3>\u0130ndir<\/h3>\n<ul>\n<li><a style=\"text-decoration: underline;\" href=\"https:\/\/www.reme-gmbh.de\/pdf\/REME-Katalog-de.pdf#page=55\" target=\"_blank\" rel=\"noopener\">Veri sayfas\u0131 Hizalama ba\u011flant\u0131 par\u00e7as\u0131<\/a><\/li>\n<\/ul>\n<\/div>[\/vc_column_inner][\/vc_row_inner][\/vc_column][\/vc_row][vc_row][vc_column][vc_empty_space height=&#8221;50px&#8221;][\/vc_column][\/vc_row]<\/p>\n<\/div>","protected":false},"excerpt":{"rendered":"<p>[vc_row css=&#8221;.vc_custom_1651497913376{margin-top: -50px !important;margin-bottom: 50px !important;}&#8221;][vc_column][vc_column_text] Bir \u00e7ekmeceyi her a\u00e7t\u0131\u011f\u0131n\u0131zda, bu hareketin arkas\u0131nda genellikle H\u00f6velhof&#8217;un bir par\u00e7as\u0131 vard\u0131r. Milyonlarca mobilyada&#8230;<\/p>\n","protected":false},"author":1,"featured_media":0,"parent":0,"menu_order":0,"comment_status":"closed","ping_status":"closed","template":"","meta":{"_acf_changed":false,"footnotes":""},"class_list":["post-8649","page","type-page","status-publish"],"acf":[],"_links":{"self":[{"href":"https:\/\/www.reme-gmbh.de\/tr\/wp-json\/wp\/v2\/pages\/8649","targetHints":{"allow":["GET"]}}],"collection":[{"href":"https:\/\/www.reme-gmbh.de\/tr\/wp-json\/wp\/v2\/pages"}],"about":[{"href":"https:\/\/www.reme-gmbh.de\/tr\/wp-json\/wp\/v2\/types\/page"}],"author":[{"embeddable":true,"href":"https:\/\/www.reme-gmbh.de\/tr\/wp-json\/wp\/v2\/users\/1"}],"replies":[{"embeddable":true,"href":"https:\/\/www.reme-gmbh.de\/tr\/wp-json\/wp\/v2\/comments?post=8649"}],"version-history":[{"count":6,"href":"https:\/\/www.reme-gmbh.de\/tr\/wp-json\/wp\/v2\/pages\/8649\/revisions"}],"predecessor-version":[{"id":8863,"href":"https:\/\/www.reme-gmbh.de\/tr\/wp-json\/wp\/v2\/pages\/8649\/revisions\/8863"}],"wp:attachment":[{"href":"https:\/\/www.reme-gmbh.de\/tr\/wp-json\/wp\/v2\/media?parent=8649"}],"curies":[{"name":"wp","href":"https:\/\/api.w.org\/{rel}","templated":true}]}}