{"id":8646,"date":"2022-05-11T08:56:47","date_gmt":"2022-05-11T08:56:47","guid":{"rendered":"https:\/\/www.reme-gmbh.de\/teleskopik-cekmeceler\/"},"modified":"2025-12-05T12:14:33","modified_gmt":"2025-12-05T12:14:33","slug":"teleskopik-cekmeceler","status":"publish","type":"page","link":"https:\/\/www.reme-gmbh.de\/tr\/teleskopik-cekmeceler\/","title":{"rendered":"Teleskopik Raylar"},"content":{"rendered":"<div class=\"wpb-content-wrapper\"><p>[vc_row css=&#8221;.vc_custom_1651497913376{margin-top: -50px !important;margin-bottom: 50px !important;}&#8221;][vc_column][vc_column_text]<\/p>\n<h4>Bir \u00e7ekmeceyi her a\u00e7t\u0131\u011f\u0131n\u0131zda, bu hareketin arkas\u0131nda genellikle H\u00f6velhof&#8217;un bir par\u00e7as\u0131 vard\u0131r. Milyonlarca mobilyada REME \u00e7ekmeceleri sorunsuz ve hassas bir \u00e7al\u0131\u015fma sa\u011flar. \u00c7ekmecelerimiz son teknoloji rulo \u015fekillendirme tesislerinde \u00fcretilir ve bu sayede \u00f6zellikle sessiz bir \u00e7al\u0131\u015fma garanti eder.<\/h4>\n<h4>\u00dcr\u00fcn yelpazemizde arad\u0131\u011f\u0131n\u0131z \u00e7ekmeceleri hemen bulamazsan\u0131z, istedi\u011finiz ileti\u015fim kanal\u0131n\u0131<a href=\"https:\/\/2021.reme-gmbh.de\/kontakt\/\"> kullanarak<\/a> bize ula\u015f\u0131n. Uzman dan\u0131\u015fmanl\u0131k ekibimiz, \u00e7ekmece se\u00e7iminde size profesyonel destek sa\u011flayacakt\u0131r.<\/h4>\n<p>[\/vc_column_text][vc_column_text]<\/p>\n<h4>Elbette, m\u00fc\u015fterilerimizin ihtiya\u00e7lar\u0131na g\u00f6re \u00f6zelle\u015ftirilmi\u015f ekstra par\u00e7alar da \u00fcretebiliriz. Deneyimli teknik ekibimizle, uygulaman\u0131z i\u00e7in do\u011fru \u00e7\u00f6z\u00fcm\u00fc tasarlayana kadar size profesyonel destek sa\u011fl\u0131yoruz. Talep \u00fczerine, 1000 \u00e7iftten itibaren \u00f6zel \u00e7\u00f6z\u00fcmler \u00fcretebiliriz.<\/h4>\n<p>[\/vc_column_text][\/vc_column][\/vc_row][vc_row full_width=&#8221;stretch_row_content&#8221; equal_height=&#8221;yes&#8221; content_placement=&#8221;middle&#8221; el_id=&#8221;favorit&#8221;][vc_column css=&#8221;.vc_custom_1649076244308{background-color: #ffffff !important;}&#8221; offset=&#8221;vc_col-lg-6 vc_col-md-5 vc_col-xs-12&#8243;][vc_single_image image=&#8221;1296&#8243; img_size=&#8221;full&#8221; alignment=&#8221;center&#8221; interactions_enabled=&#8221;1&#8243; horizontal_scroll=&#8221;1&#8243; horizontal_scroll_direction=&#8221;horizontal_scroll_direction_right&#8221; horizontal_scroll_speed=&#8221;2&#8243; horizontal_scroll_viewport_top=&#8221;50&#8243;][\/vc_column][vc_column disable_custom_paddings_tablet=&#8221;true&#8221; disable_custom_paddings_mobile=&#8221;true&#8221; css=&#8221;.vc_custom_1649234665456{margin-top: 0px !important;padding-right: 45px !important;padding-left: 45px !important;background-color: #ffe500 !important;}&#8221; offset=&#8221;vc_col-lg-6 vc_col-md-7 vc_col-xs-12&#8243;][vc_column_text css=&#8221;&#8221;]<\/p>\n<h3>FAVORIT \u2013 Teleskopik \u00c7ekmece Ray\u0131<\/h3>\n<p>\u00c7elik ve plastik kutular, asma \u00e7er\u00e7eveler ve tel sepetler i\u00e7in senkronize \u00e7al\u0131\u015fma ve de\u011fi\u015fken L ba\u011flant\u0131 braket ba\u011flant\u0131s\u0131 ile yenilik\u00e7i teleskopik \u00e7ekmeceler. 25 ve 45 kg y\u00fck kapasitesine sahip k\u0131smi ve tam a\u00e7\u0131l\u0131m \u015feklinde ofis mobilyalar\u0131 i\u00e7in teknik olarak g\u00fcvenilir \u00e7\u00f6z\u00fcm, y\u0131llar boyunca sorunsuz \u00e7al\u0131\u015fmay\u0131 garanti eder.[\/vc_column_text][vc_row_inner][vc_column_inner width=&#8221;1\/2&#8243;]<div class=\"gem-list gem-list-type-checkbox\" ><h3>\u00d6ZELL\u0130KLER<\/h3>\n<ul>\n<li>\u00c7elik ve plastik kutular i\u00e7in L braketli tam a\u00e7\u0131l\u0131m \u00e7ekmece ray\u0131<\/li>\n<li>45 kg&#8217;a kadar ta\u015f\u0131ma kapasitesi<\/li>\n<li>Senkronize \u00e7al\u0131\u015fma<\/li>\n<li>Otomatik geri \u00e7ekme \u00f6zelli\u011fi<\/li>\n<li>300 mm &#8211; 750 mm uzunluklarda mevcuttur<\/li>\n<li>Ofis mobilyalar\u0131 i\u00e7in \u00e7ekmece<\/li>\n<\/ul>\n<\/div>[\/vc_column_inner][vc_column_inner width=&#8221;1\/2&#8243;]<div class=\"gem-list gem-list-type-double-arrow\" ><h3>\u0130ND\u0130R<\/h3>\n<ul>\n<li><a style=\"text-decoration: underline;\" href=\"https:\/\/reme-gmbh.de\/pdf\/REME-Favorit.pdf\" target=\"_blank\" rel=\"noopener\">Bro\u015f\u00fcr FAVORIT<\/a><\/li>\n<\/ul>\n<p>&nbsp;<\/p>\n<\/div>[\/vc_column_inner][\/vc_row_inner][\/vc_column][\/vc_row][vc_row][vc_column][vc_empty_space height=&#8221;50px&#8221;][\/vc_column][\/vc_row][vc_row full_width=&#8221;stretch_row_content&#8221; equal_height=&#8221;yes&#8221; content_placement=&#8221;middle&#8221; disable_element=&#8221;yes&#8221; el_id=&#8221;impuls&#8221;][vc_column css=&#8221;.vc_custom_1649076244308{background-color: #ffffff !important;}&#8221; offset=&#8221;vc_col-lg-6 vc_col-md-5 vc_col-xs-12&#8243;][vc_single_image image=&#8221;1300&#8243; img_size=&#8221;full&#8221; alignment=&#8221;center&#8221; interactions_enabled=&#8221;1&#8243; horizontal_scroll=&#8221;1&#8243; horizontal_scroll_direction=&#8221;horizontal_scroll_direction_right&#8221; horizontal_scroll_speed=&#8221;2&#8243; horizontal_scroll_viewport_top=&#8221;50&#8243;][\/vc_column][vc_column disable_custom_paddings_tablet=&#8221;true&#8221; disable_custom_paddings_mobile=&#8221;true&#8221; css=&#8221;.vc_custom_1649234665456{margin-top: 0px !important;padding-right: 45px !important;padding-left: 45px !important;background-color: #ffe500 !important;}&#8221; offset=&#8221;vc_col-lg-6 vc_col-md-7 vc_col-xs-12&#8243;][vc_column_text]<\/p>\n<h3>IMPULS \u2013 Premium teleskopik \u00e7ekmece<\/h3>\n<p>50 kg&#8217;a kadar olan a\u011f\u0131rl\u0131k s\u0131n\u0131f\u0131nda, IMPULS tam \u00e7ekmece sisteminin \u00fc\u00e7 ray profili mutfakta ve di\u011fer bir\u00e7ok kullan\u0131m alan\u0131nda ideal bir uyum sa\u011flar. Bu \u00e7er\u00e7eve k\u0131lavuz sisteminin y\u00fcksek kalitesi uzun \u00f6m\u00fcrl\u00fcl\u00fc\u011f\u00fc garanti eder ve mobilya end\u00fcstrisinin t\u00fcm g\u00fcncel gereksinimlerini kar\u015f\u0131lar. IMPULS, \u00e7ok b\u00fcy\u00fck g\u00f6revler ve i\u015f\u00e7ilik, sessiz \u00e7al\u0131\u015fma, montaj kolayl\u0131\u011f\u0131 ve esneklik konusunda en y\u00fcksek talepler i\u00e7in bi\u00e7ilmi\u015f kaftand\u0131r.[\/vc_column_text][vc_row_inner][vc_column_inner width=&#8221;1\/2&#8243;]<div class=\"gem-list gem-list-type-checkbox\" ><h3>Merkmale<\/h3>\n<ul>\n<li>Premium Vollauszug f\u00fcr K\u00fcche und B\u00fcro<\/li>\n<li>Integriertes D\u00e4mpfungssystem<\/li>\n<li>Belastung bis 50 kg<\/li>\n<li>L\u00e4ngen von 270-650 mm<\/li>\n<li>Mit Differentialrolle<\/li>\n<li>Perfekte Statik<\/li>\n<li>Hochwertig und stabil<\/li>\n<li>Laufruhig und harmonisch<\/li>\n<\/ul>\n<\/div>[\/vc_column_inner][vc_column_inner width=&#8221;1\/2&#8243;]<div class=\"gem-list gem-list-type-double-arrow\" ><h3>Download<\/h3>\n<ul>\n<li><a style=\"text-decoration: underline;\" href=\"https:\/\/reme-gmbh.de\/pdf\/REME-Impuls-de.pdf\" target=\"_blank\" rel=\"noopener\">Brosch\u00fcre IMPULS<\/a><\/li>\n<\/ul>\n<\/div>[\/vc_column_inner][\/vc_row_inner][\/vc_column][\/vc_row]<\/p>\n<\/div>","protected":false},"excerpt":{"rendered":"<p>[vc_row css=&#8221;.vc_custom_1651497913376{margin-top: -50px !important;margin-bottom: 50px !important;}&#8221;][vc_column][vc_column_text] Bir \u00e7ekmeceyi her a\u00e7t\u0131\u011f\u0131n\u0131zda, bu hareketin arkas\u0131nda genellikle H\u00f6velhof&#8217;un bir par\u00e7as\u0131 vard\u0131r. Milyonlarca mobilyada&#8230;<\/p>\n","protected":false},"author":1,"featured_media":0,"parent":0,"menu_order":0,"comment_status":"closed","ping_status":"closed","template":"","meta":{"_acf_changed":false,"footnotes":""},"class_list":["post-8646","page","type-page","status-publish"],"acf":[],"_links":{"self":[{"href":"https:\/\/www.reme-gmbh.de\/tr\/wp-json\/wp\/v2\/pages\/8646","targetHints":{"allow":["GET"]}}],"collection":[{"href":"https:\/\/www.reme-gmbh.de\/tr\/wp-json\/wp\/v2\/pages"}],"about":[{"href":"https:\/\/www.reme-gmbh.de\/tr\/wp-json\/wp\/v2\/types\/page"}],"author":[{"embeddable":true,"href":"https:\/\/www.reme-gmbh.de\/tr\/wp-json\/wp\/v2\/users\/1"}],"replies":[{"embeddable":true,"href":"https:\/\/www.reme-gmbh.de\/tr\/wp-json\/wp\/v2\/comments?post=8646"}],"version-history":[{"count":6,"href":"https:\/\/www.reme-gmbh.de\/tr\/wp-json\/wp\/v2\/pages\/8646\/revisions"}],"predecessor-version":[{"id":8861,"href":"https:\/\/www.reme-gmbh.de\/tr\/wp-json\/wp\/v2\/pages\/8646\/revisions\/8861"}],"wp:attachment":[{"href":"https:\/\/www.reme-gmbh.de\/tr\/wp-json\/wp\/v2\/media?parent=8646"}],"curies":[{"name":"wp","href":"https:\/\/api.w.org\/{rel}","templated":true}]}}