{"id":8618,"date":"2025-09-21T16:38:30","date_gmt":"2025-09-21T16:38:30","guid":{"rendered":"https:\/\/www.reme-gmbh.de\/ambalaj\/"},"modified":"2025-12-05T12:36:28","modified_gmt":"2025-12-05T12:36:28","slug":"ambalaj","status":"publish","type":"page","link":"https:\/\/www.reme-gmbh.de\/tr\/ambalaj\/","title":{"rendered":"Ambalaj"},"content":{"rendered":"<div class=\"wpb-content-wrapper\"><p>[vc_row css=&#8221;.vc_custom_1651497913376{margin-top: -50px !important;margin-bottom: 50px !important;}&#8221;][vc_column][vc_column_text css=&#8221;&#8221;]<\/p>\n<h4>M\u00fc\u015fterilerimize kapsaml\u0131 bir hizmet yelpazesi sunabilmek i\u00e7in, \u00e7ekmece raylar\u0131m\u0131z i\u00e7in \u00f6zel olarak tasarlanm\u0131\u015f ambalaj \u00e7\u00f6z\u00fcmleri geli\u015ftiriyoruz. Kendi tasarlad\u0131\u011f\u0131m\u0131z son teknoloji \u00fcretim tesislerimizde, raylar\u0131n\u0131z\u0131n sadece verimli bir \u015fekilde \u00fcretilmesini de\u011fil, ayn\u0131 zamanda g\u00fcvenli ve en uygun \u015fekilde paketlenmesini de sa\u011fl\u0131yoruz.<\/h4>\n<p>[\/vc_column_text][\/vc_column][\/vc_row][vc_row full_width=&#8221;stretch_row_content&#8221; equal_height=&#8221;yes&#8221; content_placement=&#8221;middle&#8221;][vc_column css=&#8221;.vc_custom_1649076244308{background-color: #ffffff !important;}&#8221; offset=&#8221;vc_col-lg-6 vc_col-md-5 vc_col-xs-12&#8243;][vc_single_image image=&#8221;8553&#8243; img_size=&#8221;750&#215;500&#8243; alignment=&#8221;center&#8221; css=&#8221;&#8221; interactions_enabled=&#8221;1&#8243; horizontal_scroll=&#8221;1&#8243; horizontal_scroll_direction=&#8221;horizontal_scroll_direction_right&#8221; horizontal_scroll_speed=&#8221;2&#8243; horizontal_scroll_viewport_top=&#8221;50&#8243;][\/vc_column][vc_column disable_custom_paddings_tablet=&#8221;true&#8221; disable_custom_paddings_mobile=&#8221;true&#8221; css=&#8221;.vc_custom_1649234665456{margin-top: 0px !important;padding-right: 45px !important;padding-left: 45px !important;background-color: #ffe500 !important;}&#8221; offset=&#8221;vc_col-lg-6 vc_col-md-7 vc_col-xs-12&#8243;][vc_column_text css=&#8221;&#8221;]<\/p>\n<h3>Ambalajlama hizmetleri<\/h3>\n<p><strong>End\u00fcstriyel ambalaj<\/strong><br \/>\nVerimli ve hassas, \u00fcr\u00fcnlerinizin maksimum g\u00fcvenli\u011fi i\u00e7in.<br \/>\n<strong>Set ambalaj\u0131<\/strong><br \/>\nSol ve sa\u011f raylar bir karton kutuda birlikte. Bu, yerden tasarruf sa\u011flar, lojisti\u011fi optimize eder ve nakliye maliyetlerini azalt\u0131rken, \u00fcr\u00fcnlerin organizasyonunu basitle\u015ftirir.<br \/>\n<strong>\u00c7emberleme<\/strong><br \/>\nSol ve sa\u011f raylar birlikte \u00e7emberlenir. Sa\u011flam \u00e7emberlemelerle ambalajlar\u0131n\u0131z\u0131n g\u00fcvenli bir \u015fekilde sabitlenmesi.<br \/>\n<strong>T\u00fcp torba ambalaj<\/strong><br \/>\nKoruma ve \u015feffafl\u0131k. Raylar\u0131n\u0131z, t\u00fcp torbalarda g\u00fcvenli bir \u015fekilde paketlenir.[\/vc_column_text][vc_column_text css=&#8221;&#8221;]<\/p>\n<h3>Ambalaj optimizasyonu<\/h3>\n<p><strong>\u0130stedi\u011finiz d\u00fczenin bireysel bask\u0131s\u0131<\/strong><br \/>\n\u00f6rne\u011fin logo, QR kodu, veri matrisi<br \/>\n<strong>Etiket bask\u0131s\u0131<\/strong><br \/>\n\u00f6rne\u011fin seri numaras\u0131, \u00fcretim verileri<br \/>\n<strong>\u00c7e\u015fitli konum resimleri<\/strong><\/p>\n<ul>\n<li>en iyi alan kullan\u0131m\u0131<\/li>\n<li>verimli ve yerden tasarruf sa\u011flayan ambalaj \u00e7\u00f6z\u00fcm\u00fc<\/li>\n<li>Nakliye ve maliyetler optimize edildi<\/li>\n<\/ul>\n<p>[\/vc_column_text][vc_row_inner][vc_column_inner]<div class=\"gem-list gem-list-type-double-arrow\" ><h3>\u0130ndir<\/h3>\n<ul>\n<li><a style=\"text-decoration: underline;\" href=\"https:\/\/www.reme-gmbh.de\/pdf\/REME-Katalog-de.pdf#page=71\" target=\"_blank\" rel=\"noopener\">Veri sayfas\u0131 Ambalaj<\/a><\/li>\n<\/ul>\n<\/div>[\/vc_column_inner][\/vc_row_inner][\/vc_column][\/vc_row][vc_row][vc_column][vc_empty_space height=&#8221;50px&#8221;][vc_column_text css=&#8221;&#8221;]<\/p>\n<h3>Bireyselle\u015ftirme<\/h3>\n<p>Otomasyonun bir di\u011fer bile\u015feni ise, bireysel uyarlamalar\u0131 do\u011frudan paketleme s\u00fcrecine entegre etmeyi m\u00fcmk\u00fcn k\u0131lan paketleme optimizasyonudur. Buna, logo, barkod, QR kodu veya veri matrisi gibi m\u00fc\u015fteriye \u00f6zel isteklerinizle istedi\u011finiz d\u00fczenin bireysel olarak bas\u0131lmas\u0131 da dahildir. B\u00f6ylece marka kimli\u011fini g\u00fc\u00e7lendirir ve lojistik s\u00fcre\u00e7lerini basitle\u015ftirirsiniz.<br \/>\nAyr\u0131ca, \u00fcr\u00fcnlere seri numaralar\u0131, \u00fcretim verileri veya di\u011fer de\u011fi\u015fken veriler gibi \u00f6zel bilgiler eklemenizi sa\u011flayan esnek etiket bask\u0131s\u0131 da sunuyoruz. Bu, ambalajlar\u0131n\u0131z\u0131n her zaman g\u00fcncel gereksinimlere uygun olmas\u0131n\u0131 ve kolayca takip edilebilmesini sa\u011flar.<br \/>\nFarkl\u0131 \u00fcr\u00fcn uzunluklar\u0131 i\u00e7in, ambalajlama i\u015flemi s\u0131ras\u0131nda en iyi alan kullan\u0131m\u0131n\u0131 sa\u011flayan \u00e7e\u015fitli katman resimleri de mevcuttur. Bu, nakliyeyi optimize eden ve maliyetleri azaltan verimli ve yerden tasarruf sa\u011flayan bir ambalaj \u00e7\u00f6z\u00fcm\u00fc sa\u011flar.<br \/>\n\u00d6zel \u00e7\u00f6z\u00fcmlerimiz, \u00fcr\u00fcnlerinizin optimum \u015fekilde korunmas\u0131n\u0131 ve modern pazar\u0131n gereksinimlerini kar\u015f\u0131lamas\u0131n\u0131 sa\u011flar. Ambalajlama ihtiya\u00e7lar\u0131n\u0131z\u0131 en \u00fcst d\u00fczeyde kar\u015f\u0131lamak i\u00e7in uzmanl\u0131\u011f\u0131m\u0131za g\u00fcvenin.[\/vc_column_text][\/vc_column][\/vc_row][vc_row][vc_column width=&#8221;1\/2&#8243;][vc_single_image image=&#8221;8549&#8243; img_size=&#8221;full&#8221; css=&#8221;&#8221;][vc_column_text css=&#8221;&#8221;]<\/p>\n<p style=\"text-align: center;\">end\u00fcstriyel ambalaj<\/p>\n<p>[\/vc_column_text][\/vc_column][vc_column width=&#8221;1\/2&#8243;][vc_single_image image=&#8221;8551&#8243; img_size=&#8221;full&#8221; css=&#8221;&#8221;][vc_column_text css=&#8221;&#8221;]<\/p>\n<p style=\"text-align: center;\">end\u00fcstriyel ambalaj<\/p>\n<p>[\/vc_column_text][\/vc_column][\/vc_row]<\/p>\n<\/div>","protected":false},"excerpt":{"rendered":"<p>[vc_row css=&#8221;.vc_custom_1651497913376{margin-top: -50px !important;margin-bottom: 50px !important;}&#8221;][vc_column][vc_column_text css=&#8221;&#8221;] M\u00fc\u015fterilerimize kapsaml\u0131 bir hizmet yelpazesi sunabilmek i\u00e7in, \u00e7ekmece raylar\u0131m\u0131z i\u00e7in \u00f6zel olarak tasarlanm\u0131\u015f&#8230;<\/p>\n","protected":false},"author":4,"featured_media":0,"parent":0,"menu_order":0,"comment_status":"closed","ping_status":"closed","template":"","meta":{"_acf_changed":false,"footnotes":""},"class_list":["post-8618","page","type-page","status-publish"],"acf":[],"_links":{"self":[{"href":"https:\/\/www.reme-gmbh.de\/tr\/wp-json\/wp\/v2\/pages\/8618","targetHints":{"allow":["GET"]}}],"collection":[{"href":"https:\/\/www.reme-gmbh.de\/tr\/wp-json\/wp\/v2\/pages"}],"about":[{"href":"https:\/\/www.reme-gmbh.de\/tr\/wp-json\/wp\/v2\/types\/page"}],"author":[{"embeddable":true,"href":"https:\/\/www.reme-gmbh.de\/tr\/wp-json\/wp\/v2\/users\/4"}],"replies":[{"embeddable":true,"href":"https:\/\/www.reme-gmbh.de\/tr\/wp-json\/wp\/v2\/comments?post=8618"}],"version-history":[{"count":4,"href":"https:\/\/www.reme-gmbh.de\/tr\/wp-json\/wp\/v2\/pages\/8618\/revisions"}],"predecessor-version":[{"id":8866,"href":"https:\/\/www.reme-gmbh.de\/tr\/wp-json\/wp\/v2\/pages\/8618\/revisions\/8866"}],"wp:attachment":[{"href":"https:\/\/www.reme-gmbh.de\/tr\/wp-json\/wp\/v2\/media?parent=8618"}],"curies":[{"name":"wp","href":"https:\/\/api.w.org\/{rel}","templated":true}]}}