{"id":1420,"date":"2021-05-14T09:36:08","date_gmt":"2021-05-14T09:36:08","guid":{"rendered":"https:\/\/2021.reme-gmbh.de\/responsibility\/"},"modified":"2026-01-05T13:26:39","modified_gmt":"2026-01-05T13:26:39","slug":"responsibility","status":"publish","type":"page","link":"https:\/\/www.reme-gmbh.de\/en\/responsibility\/","title":{"rendered":"RESPONSIBILITY"},"content":{"rendered":"<div class=\"wpb-content-wrapper\"><p>[vc_row css=&#8221;.vc_custom_1646318960030{margin-top: -50px !important;margin-bottom: 60px !important;}&#8221;][vc_column][vc_column_text css_animation=&#8221;none&#8221;]<\/p>\n<h4>As a 3rd generation family business, acting responsibly is an integral part of our corporate culture. We take responsibility for our employees, for the quality of our products and for the impact of our business activities on society and the environment &#8211; with the aim of shaping a better future.<\/h4>\n<p>[\/vc_column_text][\/vc_column][\/vc_row][vc_row][vc_column]<div class=\"gem-icon-with-text gem-icon-with-text-icon-size-xlarge gem-interactions-enabled\"  data-horizontal_scroll_enable=\"yes\" data-horizontal_scroll_speed=\"6\" data-rellax-min-x=\"0\" data-disable_effects_mobile=\"disable\" ><div style=\"margin-bottom:0px;margin-top:0px; \" class=\"gem-icon-with-text-icon\"><div class=\"gem-icon gem-icon-pack-material gem-icon-size-xlarge  gem-icon-shape-square \"  style=\"border-color: #ffe500;opacity: 1;\"><div class=\"gem-icon-inner\" style=\"background-color: #ffe500;\"><span class=\"gem-icon-half-1\" style=\"color: #575757;\"><span class=\"back-angle\">&#xf3d6;<\/span><\/span><span class=\"gem-icon-half-2\" style=\"color: #575757;\"><span class=\"back-angle\">&#xf3d6;<\/span><\/span><\/div><\/div><\/div><div class=\"gem-icon-with-text-content\" ><div class=\"gem-icon-with-text-text\">[vc_column_text css=&#8221;.vc_custom_1642754491887{padding-left: 50px !important;}&#8221;]<\/p>\n<h2>Work safety<\/h2>\n<p>Work safety and health protection are among REME&#8217;s primary corporate objectives, which are therefore an obligation and responsibility for management, supervisors and employees. The top priority of the work safety and health protection policy is to preserve the health of all people who work as employees in our company. Against this background, constant attention and safety-conscious behaviour on the part of all employees are indispensable. The improvement and further development of procedures and behaviour with regard to work safety are constantly promoted and our employees are trained in the performance of their activities and compliance with prescribed work procedures.[\/vc_column_text][vc_empty_space height=&#8221;50px&#8221;]<\/div><\/div><div class=\"clearboth\"><\/div><\/div><div class=\"gem-icon-with-text gem-icon-with-text-icon-size-xlarge gem-interactions-enabled\"  data-horizontal_scroll_enable=\"yes\" data-horizontal_scroll_speed=\"6\" data-rellax-min-x=\"0\" data-disable_effects_mobile=\"disable\" ><div style=\"margin-bottom:0px;margin-top:0px; \" class=\"gem-icon-with-text-icon\"><div class=\"gem-icon gem-icon-pack-material gem-icon-size-xlarge  gem-icon-shape-square \"  style=\"border-color: #ffe500;opacity: 1;\"><div class=\"gem-icon-inner\" style=\"background-color: #ffe500;\"><span class=\"gem-icon-half-1\" style=\"color: #575757;\"><span class=\"back-angle\">&#xf206;<\/span><\/span><span class=\"gem-icon-half-2\" style=\"color: #575757;\"><span class=\"back-angle\">&#xf206;<\/span><\/span><\/div><\/div><\/div><div class=\"gem-icon-with-text-content\" ><div class=\"gem-icon-with-text-text\">[vc_column_text css=&#8221;.vc_custom_1648632870397{padding-left: 50px !important;}&#8221;]<\/p>\n<h2>Quality assurance<\/h2>\n<p>To ensure that machines and equipment in our plants meet our high-quality standards, we develop many of them by ourselves. With uniform inspection specifications and automated inspection stations, we manufacture large quantities in consistently high quality. We use a wide range of measuring equipment for our quality control &#8211; from simple callipers to state-of-the-art 3D measuring arms. Because we know how tough everyday furniture can be, we continuously simulate rigorous endurance and stress tests on our slides in our own test lab.[\/vc_column_text][vc_empty_space height=&#8221;50px&#8221;]<\/div><\/div><div class=\"clearboth\"><\/div><\/div><div class=\"gem-icon-with-text gem-icon-with-text-icon-size-xlarge gem-interactions-enabled\"  data-horizontal_scroll_enable=\"yes\" data-horizontal_scroll_speed=\"5\" data-rellax-min-x=\"0\" data-disable_effects_mobile=\"disable\" ><div style=\"margin-bottom:0px;margin-top:0px; \" class=\"gem-icon-with-text-icon\"><div class=\"gem-icon gem-icon-pack-material gem-icon-size-xlarge  gem-icon-shape-square \"  style=\"border-color: #ffe500;opacity: 1;\"><div class=\"gem-icon-inner\" style=\"background-color: #ffe500;\"><span class=\"gem-icon-half-1\" style=\"color: #575757;\"><span class=\"back-angle\">&#xf3cb;<\/span><\/span><span class=\"gem-icon-half-2\" style=\"color: #575757;\"><span class=\"back-angle\">&#xf3cb;<\/span><\/span><\/div><\/div><\/div><div class=\"gem-icon-with-text-content\" ><div class=\"gem-icon-with-text-text\">[vc_column_text css=&#8221;.vc_custom_1676453921153{padding-left: 50px !important;}&#8221;]<\/p>\n<h2>Energy Management<\/h2>\n<p>The DIN EN ISO 50001 certification confirms that REME meets all the requirements of this standard and constantly controls and optimizes energy consumption. On the one hand, the improvements reduce energy consumption and production costs, on the other hand, they lead to lower CO<sub>2<\/sub> emissions and thus reduce global climate change. With this certification, we commit ourselves to the continuous optimization of energy requirements and the resource-conserving use of non-renewable energy sources both in the production plants and in administration. Through this commitment, we assume responsibility for future generations as well as for environmental and climate protection.<\/p>\n<p><a href=\"https:\/\/www.reme-gmbh.de\/pdf\/REME-Zertifikat-DIN-EN-ISO-50001.pdf\" target=\"_blank\" rel=\"noopener\">\u00bb Certificate DIN EN ISO 50001:2018 (PDF)<\/a><br \/>\n<a href=\"https:\/\/www.reme-gmbh.de\/pdf\/REME-Zertifikat-DIN-EN-ISO-50001-Anhang.pdf\" target=\"_blank\" rel=\"noopener\">\u00bb Appendix DIN EN ISO 50001:2018 (PDF)<\/a><\/p>\n<p><img class=\"alignnone size-full wp-image-1138\" src=\"https:\/\/www.reme-gmbh.de\/wp-content\/uploads\/2022\/04\/Logo-TUEV-CEERT-ISO-50001.png\" alt=\"\" width=\"150\" height=\"125\" \/>[\/vc_column_text][vc_empty_space height=&#8221;50px&#8221;]<\/div><\/div><div class=\"clearboth\"><\/div><\/div><div class=\"gem-icon-with-text gem-icon-with-text-icon-size-xlarge gem-interactions-enabled\"  data-horizontal_scroll_enable=\"yes\" data-horizontal_scroll_speed=\"5\" data-rellax-min-x=\"0\" data-disable_effects_mobile=\"disable\" ><div style=\"margin-bottom:0px;margin-top:0px; \" class=\"gem-icon-with-text-icon\"><div class=\"gem-icon gem-icon-pack-material gem-icon-size-xlarge  gem-icon-shape-square \"  style=\"border-color: #ffe500;opacity: 1;\"><div class=\"gem-icon-inner\" style=\"background-color: #ffe500;\"><span class=\"gem-icon-half-1\" style=\"color: #575757;\"><span class=\"back-angle\">&#xf3c5;<\/span><\/span><span class=\"gem-icon-half-2\" style=\"color: #575757;\"><span class=\"back-angle\">&#xf3c5;<\/span><\/span><\/div><\/div><\/div><div class=\"gem-icon-with-text-content\" ><div class=\"gem-icon-with-text-text\">[vc_column_text css=&#8221;.vc_custom_1648632883280{padding-left: 50px !important;}&#8221;]<\/p>\n<h2>Sustainability<\/h2>\n<p>For REME, sustainability is the core prerequisite for long-term economic success. It creates the conditions for our company to increase its acceptance in society and to secure its future &#8211; and thus also the jobs of its employees &#8211; in the long term. Sustainable management therefore requires a balance between several aspects: Environmental protection, occupational safety, energy management, product innovation, quality assurance, employee care, customer care, plant maintenance, etc.<\/p>\n<p>Last but not least, our employees play an important role in our economic success, which is why, especially as a family-owned company, we strive to create framework conditions for our employees that help them to balance their professional and private needs as well as possible. With our company health management, we strive to maintain the satisfaction of our employees. Our company suggestion scheme and improvement management promote new ideas and provide incentives for the internal optimization of processes.[\/vc_column_text][vc_empty_space height=&#8221;50px&#8221;]<\/div><\/div><div class=\"clearboth\"><\/div><\/div><div class=\"gem-icon-with-text gem-icon-with-text-icon-size-xlarge gem-interactions-enabled\"  data-horizontal_scroll_enable=\"yes\" data-horizontal_scroll_speed=\"5\" data-rellax-min-x=\"0\" data-disable_effects_mobile=\"disable\" ><div style=\"margin-bottom:0px;margin-top:0px; \" class=\"gem-icon-with-text-icon\"><div class=\"gem-icon gem-icon-pack-elegant gem-icon-size-xlarge  gem-icon-shape-square \"  style=\"border-color: #ffe500;opacity: 1;\"><div class=\"gem-icon-inner\" style=\"background-color: #ffe500;\"><span class=\"gem-icon-half-1\" style=\"color: #575757;\"><span class=\"back-angle\">&#xe0de;<\/span><\/span><span class=\"gem-icon-half-2\" style=\"color: #575757;\"><span class=\"back-angle\">&#xe0de;<\/span><\/span><\/div><\/div><\/div><div class=\"gem-icon-with-text-content\" ><div class=\"gem-icon-with-text-text\">[vc_column_text css=&#8221;.vc_custom_1676453941874{padding-left: 50px !important;}&#8221;]<\/p>\n<h2>AEO<\/h2>\n<p>REME is a safe partner under customs law. We are certified as an Authorized Economic Operator, or AEO for short. In the course of globalization and due to growing international terrorism, the security of goods movements in international trade is becoming increasingly important. The AEO status certifies us with regard to reliability and security in international trade. AEO certification accelerates customs clearance on both the import and export sides, due to reduced controls and preferential customs treatment. It also facilitates access to further customs simplifications. Our certificate includes the customs simplification of the security-related component AEO-S (Security) and is considered the highest possible certification level on the customs side.<\/p>\n<p><img class=\"alignnone wp-image-1140\" src=\"https:\/\/www.reme-gmbh.de\/wp-content\/uploads\/2022\/04\/Logo-AEO.png\" alt=\"\" width=\"200\" height=\"132\" \/>[\/vc_column_text]<\/div><\/div><div class=\"clearboth\"><\/div><\/div>[vc_empty_space height=&#8221;100px&#8221;][\/vc_column][\/vc_row][vc_row full_width=&#8221;stretch_row_content_no_spaces&#8221; disable_element=&#8221;yes&#8221;][vc_column]<div id=\"fullwidth-block-69e5e1b5127f4\" class=\"fullwidth-block fullwidth-block-parallax-vertical clearfix\" data-mobile-parallax-enable=\"0\" style=\"background-color: #2c2e3d;padding-top: 120px;padding-bottom: 60px;\"><script type=\"text\/javascript\">if (typeof(gem_fix_fullwidth_position) == \"function\") { gem_fix_fullwidth_position(document.getElementById(\"fullwidth-block-69e5e1b5127f4\")); }<\/script><div class=\"fullwidth-block-background\" style=\"background-image: url(https:\/\/www.reme-gmbh.de\/wp-content\/uploads\/2022\/02\/Hintergrund-1.jpg);background-repeat: no-repeat; background-size: cover;background-position: center center;\"><\/div><div class=\"fullwidth-block-inner\"><div class=\"container\"><div class=\"quickfinder quickfinder-style-classic row inline-row quickfinder-icon-position-top quickfinder-alignment-center quickfinder-title-bold\" data-hover-icon-color=\"#a88df4\" data-hover-title-color=\"#a88df4\" data-hover-description-color=\"#99a9b5\"><div id=\"post-231\" data-ll-finish-delay=\"200\" class=\"quickfinder-item inline-column col-md-6 col-sm-6 col-xs-12 quickfinder-item-effect-simple icon-size-xlarge quickfinder-box-style-solid lazy-loading post-231 thegem_qf_item type-thegem_qf_item status-publish\" data-ll-item-delay=\"0\"> <div class=\"quickfinder-item-box\" style=\"\"> <div class=\"quickfinder-item-inner\"> <div class=\"quickfinder-item-image\"> <div class=\"quickfinder-item-image-content lazy-loading-item\" data-ll-item-delay=\"0\" data-ll-effect=\"clip\"> <div class=\"quickfinder-item-image-wrapper\"> <div class=\"gem-icon gem-icon-pack-material gem-icon-size-xlarge angle-90deg gem-icon-shape-circle gem-simple-icon \" style=\"opacity: 1;\"><div class=\"gem-icon-inner\" style=\"\"><span class=\"gem-icon-half-1\" style=\"color: #ffe500;\"><span class=\"back-angle\">&#xf3d6;<\/span><\/span><span class=\"gem-icon-half-2\" style=\"color: #ffcc00;\"><span class=\"back-angle\">&#xf3d6;<\/span><\/span><\/div><\/div> <\/div> <\/div> <\/div> <div class=\"quickfinder-item-info-wrapper\"> <div class=\"quickfinder-item-info lazy-loading-item\" data-ll-item-delay=\"200\" data-ll-effect=\"fading\"> <div class=\"quickfinder-item-title\" style=\"color: #ccc;\">ARBEITSSICHERHEIT<\/div> <div class=\"quickfinder-item-text\" style=\"color: #fff;\">Die Arbeitssicherheit und der Gesundheitsschutz geh\u00f6ren f\u00fcr REME zu den vorrangigen Unternehmenszielen, die somit Verpflichtung und Verantwortung f\u00fcr Gesch\u00e4ftsf\u00fchrung, Vorgesetzte und Mitarbeiter sind. Oberstes Gebot der Arbeitssicherheits- und Gesundheitsschutzpolitik ist die Bewahrung der Gesundheit aller Menschen, die als Arbeitnehmer in unseren Unternehmen t\u00e4tig sind. Vor diesem Hintergrund sind st\u00e4ndige Aufmerksamkeit und ein sicherheitsbewusstes Verhalten aller Besch\u00e4ftigten unverzichtbar. Die Verbesserung und die Weiterentwicklung der Verfahrens- und Verhaltensweisen bez\u00fcglich der Arbeitssicherheit werden st\u00e4ndig gef\u00f6rdert und unserer Mitarbeiter bei der Aus\u00fcbung ihrer T\u00e4tigkeiten sowie der Einhaltung vorgeschriebener Arbeitsverfahren geschult.<\/div> <\/div> <\/div> <\/div> <\/div> <\/div> <div id=\"post-230\" data-ll-finish-delay=\"200\" class=\"quickfinder-item inline-column col-md-6 col-sm-6 col-xs-12 quickfinder-item-effect-simple icon-size-xlarge quickfinder-box-style-solid lazy-loading post-230 thegem_qf_item type-thegem_qf_item status-publish\" data-ll-item-delay=\"0\"> <div class=\"quickfinder-item-box\" style=\"\"> <div class=\"quickfinder-item-inner\"> <div class=\"quickfinder-item-image\"> <div class=\"quickfinder-item-image-content lazy-loading-item\" data-ll-item-delay=\"0\" data-ll-effect=\"clip\"> <div class=\"quickfinder-item-image-wrapper\"> <div class=\"gem-icon gem-icon-pack-material gem-icon-size-xlarge angle-90deg gem-icon-shape-circle gem-simple-icon \" style=\"opacity: 1;\"><div class=\"gem-icon-inner\" style=\"\"><span class=\"gem-icon-half-1\" style=\"color: #ffe500;\"><span class=\"back-angle\">&#xf269;<\/span><\/span><span class=\"gem-icon-half-2\" style=\"color: #FFCC00;\"><span class=\"back-angle\">&#xf269;<\/span><\/span><\/div><\/div> <\/div> <\/div> <\/div> <div class=\"quickfinder-item-info-wrapper\"> <div class=\"quickfinder-item-info lazy-loading-item\" data-ll-item-delay=\"200\" data-ll-effect=\"fading\"> <div class=\"quickfinder-item-title\" style=\"color: #ccc;\">QUALIT\u00c4TSSSICHERUNG<\/div> <div class=\"quickfinder-item-text\" style=\"color: #fff;\">Damit Maschinen und Anlagen in unseren Werken unseren hohen Qualit\u00e4tsstandards entsprechen, entwickeln wir viele davon selbst. Mit einheitlichen Pr\u00fcfvorgaben und automatisierten Pr\u00fcfstationen fertigen wir gro\u00dfen Mengen in gleichbleibend hoher Qualit\u00e4t. F\u00fcr unserer Qualit\u00e4tskontrollen setzen wir verschiedenste Messger\u00e4te ein \u2013 vom einfachen Messschieber bis hin zu hochmodernen 3D-Messarmen. Da wir wissen wie hart der M\u00f6belalltag sein kann, werden in unserem eigenen Testlabor kontinuierlich strenge Dauer- und Belastungstests an unseren Ausz\u00fcgen simuliert.<\/div> <\/div> <\/div> <\/div> <\/div> <\/div> <div id=\"post-229\" data-ll-finish-delay=\"200\" class=\"quickfinder-item inline-column col-md-6 col-sm-6 col-xs-12 quickfinder-item-effect-simple icon-size-xlarge quickfinder-box-style-solid lazy-loading post-229 thegem_qf_item type-thegem_qf_item status-publish\" data-ll-item-delay=\"0\"> <div class=\"quickfinder-item-box\" style=\"\"> <div class=\"quickfinder-item-inner\"> <div class=\"quickfinder-item-image\"> <div class=\"quickfinder-item-image-content lazy-loading-item\" data-ll-item-delay=\"0\" data-ll-effect=\"clip\"> <div class=\"quickfinder-item-image-wrapper\"> <div class=\"gem-icon gem-icon-pack-material gem-icon-size-xlarge angle-90deg gem-icon-shape-circle gem-simple-icon \" style=\"opacity: 1;\"><div class=\"gem-icon-inner\" style=\"\"><span class=\"gem-icon-half-1\" style=\"color: #ffe500;\"><span class=\"back-angle\">&#xf1f1;<\/span><\/span><span class=\"gem-icon-half-2\" style=\"color: #ffcc00;\"><span class=\"back-angle\">&#xf1f1;<\/span><\/span><\/div><\/div> <\/div> <\/div> <\/div> <div class=\"quickfinder-item-info-wrapper\"> <div class=\"quickfinder-item-info lazy-loading-item\" data-ll-item-delay=\"200\" data-ll-effect=\"fading\"> <div class=\"quickfinder-item-title\" style=\"color: #ccc;\">ENERGIEMANAGEMENT<\/div> <div class=\"quickfinder-item-text\" style=\"color: #fff;\">Die Zertifizierung DIN EN ISO 50001 best\u00e4tigt, dass REME alle Forderungen dieser Norm erf\u00fcllt und den Energieverbrauch stetig kontrolliert und optimiert. Auf der einen Seite reduzieren die Verbesserungen den Energieverbrauch und die Produktionskosten, auf der anderen Seite f\u00fchren sie zu geringeren CO2-Emissionen und reduzieren damit den globalen Klimawandel. Mit dieser Zertifizierung verpflichten wir uns zur stetigen Optimierung des Energiebedarfs und zum ressourcenschonenden Einsatz nicht erneuerbarer Energietr\u00e4ger sowohl in den Produktionswerken als auch in der Verwaltung. Durch dieses Engagement \u00fcbernehmen wir Verantwortung gegen\u00fcber nachfolgenden Generationen sowie im Umwelt- und Klimaschutz.<\/div> <\/div> <\/div> <\/div> <\/div> <\/div> <div id=\"post-228\" data-ll-finish-delay=\"200\" class=\"quickfinder-item inline-column col-md-6 col-sm-6 col-xs-12 quickfinder-item-effect-simple icon-size-xlarge quickfinder-box-style-solid lazy-loading post-228 thegem_qf_item type-thegem_qf_item status-publish\" data-ll-item-delay=\"0\"> <div class=\"quickfinder-item-box\" style=\"\"> <div class=\"quickfinder-item-inner\"> <div class=\"quickfinder-item-image\"> <div class=\"quickfinder-item-image-content lazy-loading-item\" data-ll-item-delay=\"0\" data-ll-effect=\"clip\"> <div class=\"quickfinder-item-image-wrapper\"> <div class=\"gem-icon gem-icon-pack-material gem-icon-size-xlarge angle-90deg gem-icon-shape-circle gem-simple-icon \" style=\"opacity: 1;\"><div class=\"gem-icon-inner\" style=\"\"><span class=\"gem-icon-half-1\" style=\"color: #ffe500;\"><span class=\"back-angle\">&#xf57f;<\/span><\/span><span class=\"gem-icon-half-2\" style=\"color: #ffcc00;\"><span class=\"back-angle\">&#xf57f;<\/span><\/span><\/div><\/div> <\/div> <\/div> <\/div> <div class=\"quickfinder-item-info-wrapper\"> <div class=\"quickfinder-item-info lazy-loading-item\" data-ll-item-delay=\"200\" data-ll-effect=\"fading\"> <div class=\"quickfinder-item-title\" style=\"color: #ccc;\">NACHHALTIGKEIT<\/div> <div class=\"quickfinder-item-text\" style=\"color: #fff;\">Nachhaltigkeit ist f\u00fcr REME die Kernvoraussetzung f\u00fcr einen langfristig orientierten wirtschaftlichen Erfolg. Sie schafft die Voraussetzungen daf\u00fcr, dass unser Unternehmen seine Akzeptanz in der Gesellschaft steigert und seine Zukunft \u2013 und damit auch die Arbeitspl\u00e4tze seiner Besch\u00e4ftigten \u2013 langfristig sichern kann. Nachhaltiges Wirtschaften erfordert folglich ein ausgewogenes Verh\u00e4ltnis mehrere Aspekte: Umweltschutz, Arbeitssicherheit, Energiemanagement, Produktinnovation, Qualit\u00e4tssicherung, Mitarbeiterpflege, Kundenbetreuung, Anlagenwartung usw.<br \/>\nEinen wichtigen Anteil am wirtschaftlichen Erfolg haben nicht zuletzt unsere Mitarbeiter, weshalb wir besonders als Familienunternehmen bestrebt sind, unseren Mitarbeitern Rahmenbedingungen zu schaffen, die ihnen dabei helfen, berufliche und private Bed\u00fcrfnisse m\u00f6glichst gut aufeinander abzustimmen. Mit unseren betrieblichen Gesundheitsmanagement sind wir bestrebt, die Zufriedenheit unserer Mitarbeiter zu erhalten. Unser betriebliches Vorschlagswesen und Verbesserungsmanagement f\u00f6rdert neue Ideen und liefert Anreize zur innerbetrieblichen Optimierung von Prozessen.<br \/>\n<\/div> <\/div> <\/div> <\/div> <\/div> <\/div> <\/div><\/div><\/div><\/div>[\/vc_column][\/vc_row]<\/p>\n<\/div>","protected":false},"excerpt":{"rendered":"<p>[vc_row css=&#8221;.vc_custom_1646318960030{margin-top: -50px !important;margin-bottom: 60px !important;}&#8221;][vc_column][vc_column_text css_animation=&#8221;none&#8221;] As a 3rd generation family business, acting responsibly is an integral part of&#8230;<\/p>\n","protected":false},"author":1,"featured_media":0,"parent":0,"menu_order":0,"comment_status":"closed","ping_status":"closed","template":"","meta":{"_acf_changed":false,"footnotes":""},"class_list":["post-1420","page","type-page","status-publish"],"acf":[],"_links":{"self":[{"href":"https:\/\/www.reme-gmbh.de\/en\/wp-json\/wp\/v2\/pages\/1420","targetHints":{"allow":["GET"]}}],"collection":[{"href":"https:\/\/www.reme-gmbh.de\/en\/wp-json\/wp\/v2\/pages"}],"about":[{"href":"https:\/\/www.reme-gmbh.de\/en\/wp-json\/wp\/v2\/types\/page"}],"author":[{"embeddable":true,"href":"https:\/\/www.reme-gmbh.de\/en\/wp-json\/wp\/v2\/users\/1"}],"replies":[{"embeddable":true,"href":"https:\/\/www.reme-gmbh.de\/en\/wp-json\/wp\/v2\/comments?post=1420"}],"version-history":[{"count":18,"href":"https:\/\/www.reme-gmbh.de\/en\/wp-json\/wp\/v2\/pages\/1420\/revisions"}],"predecessor-version":[{"id":8986,"href":"https:\/\/www.reme-gmbh.de\/en\/wp-json\/wp\/v2\/pages\/1420\/revisions\/8986"}],"wp:attachment":[{"href":"https:\/\/www.reme-gmbh.de\/en\/wp-json\/wp\/v2\/media?parent=1420"}],"curies":[{"name":"wp","href":"https:\/\/api.w.org\/{rel}","templated":true}]}}